{"id":672,"date":"2022-08-26T13:32:46","date_gmt":"2022-08-26T13:32:46","guid":{"rendered":"http:\/\/34.118.89.231\/?page_id=672"},"modified":"2022-08-29T12:31:26","modified_gmt":"2022-08-29T12:31:26","slug":"privacy-policy","status":"publish","type":"page","link":"https:\/\/flatmanager.bg\/pl\/privacy-policy\/","title":{"rendered":"\u041f\u041e\u041b\u0418\u0422\u0418\u041a\u0410 \u0417\u0410 \u0417\u0410\u0429\u0418\u0422\u0410 \u041d\u0410 \u041b\u0418\u0427\u041d\u0418 \u0414\u0410\u041d\u041d\u0418"},"content":{"rendered":"<p><strong>Informacje o administratorze danych osobowych:<\/strong><\/p>\n\n\n\n<p>\u200b<\/p>\n\n\n\n<p>Podczas korzystania ze strony internetowej&nbsp;<a href=\"http:\/\/www.flatmanger.bg\/\" target=\"_blank\" rel=\"noreferrer noopener nofollow\">www.flatmanager.bg<\/a>&nbsp;Twoje dane osobowe przetwarzane s\u0105 przez \u201eFlat Manager\u201c Sp. z o.o. \u2013 sp\u00f3\u0142k\u0119 zarejestrowan\u0105 w Rejestrze Handlowym Agencji Rejestrowej pod numerem UIC 202684022, z siedzib\u0105 i adresem do zarz\u0105dzania: Sofia, Eurotour Business Center, ul. Mihaila Teneva 12, 1 pi\u0119tro, biuro 2, adres e-mail&nbsp;<a href=\"mailto:support@flatmanager.bg\">support@flatmanager.bg<\/a>, telefon 0875 333 000<\/p>\n\n\n\n<p>\u200b<\/p>\n\n\n\n<p><strong>Przetwarzamy Twoje dane osobowe w oparciu o nast\u0119puj\u0105ce podstawy:<\/strong><\/p>\n\n\n\n<ul class=\"wp-block-list\"><li>Udzielanie informacji w kontek\u015bcie stosunk\u00f3w przedumownych lub wyra\u017conego zainteresowania us\u0142ugami sp\u00f3\u0142ki;<\/li><li>W przypadku obowi\u0105zku ustawowego<\/li><li>Wyra\u017ana zgoda z Twojej strony \u2013 cel jest okre\u015blany w ka\u017cdym konkretnym przypadku;<\/li><\/ul>\n\n\n\n<p>\u200b<\/p>\n\n\n\n<p>W poni\u017cszych akapitach znajdziesz informacje na temat przetwarzania Twoich danych osobowych w zale\u017cno\u015bci od podstawy, na kt\u00f3rej je przetwarzamy.<\/p>\n\n\n\n<p>\u200b<\/p>\n\n\n\n<p><strong>W celu udzielenia informacji w kontek\u015bcie stosunk\u00f3w przedumownych<\/strong>&nbsp;<strong>lub wyrazi\u0142 zainteresowanie us\u0142ugami firmy;<\/strong><\/p>\n\n\n\n<p>Cele przetwarzania:<\/p>\n\n\n\n<ul class=\"wp-block-list\"><li>ustalenie Twojej to\u017csamo\u015bci;<\/li><li>przetwarzanie informacji dotycz\u0105cych nieruchomo\u015bci b\u0119d\u0105cych Twoj\u0105 w\u0142asno\u015bci\u0105;<\/li><li>przygotowanie i przes\u0142anie wyceny op\u0142acalno\u015bci Twojej nieruchomo\u015bci;<\/li><li>prowadzenie korespondencji dotycz\u0105cej zapyta\u0144 i wniosk\u00f3w;<\/li><li>wysy\u0142anie wiadomo\u015bci, informacji o promocjach, nowych us\u0142ugach i innych;&nbsp;<\/li><\/ul>\n\n\n\n<p>Rodzaje gromadzonych przez nas informacji:<\/p>\n\n\n\n<ul class=\"wp-block-list\"><li>dane kontaktowe osobiste \u2013 adres kontaktowy, adres e-mail, numer telefonu;<\/li><li>dane identyfikacyjne \u2013 imi\u0119 i nazwisko;<\/li><li>dane dotycz\u0105ce nieruchomo\u015bci b\u0119d\u0105cych Twoj\u0105 w\u0142asno\u015bci\u0105; &nbsp;<\/li><\/ul>\n\n\n\n<p>Przetwarzanie wskazanych danych osobowych jest dla nas obowi\u0105zkowe w kontek\u015bcie naszych stosunk\u00f3w przedumownych. &nbsp;<\/p>\n\n\n\n<p>Na tej podstawie nie udost\u0119pniamy Twoich danych osobowych osobom trzecim.<\/p>\n\n\n\n<p>\u200b<\/p>\n\n\n\n<p>Zebrane na tej podstawie dane usuwamy po up\u0142ywie 5 lat od zako\u0144czenia naszych stosunk\u00f3w przedumownych i\/lub umownych.<\/p>\n\n\n\n<p>\u200b<\/p>\n\n\n\n<p><strong>Aby spe\u0142ni\u0107 obowi\u0105zki regulacyjne<\/strong><\/p>\n\n\n\n<p><strong>\u200b<\/strong><\/p>\n\n\n\n<p>Prawo mo\u017ce nak\u0142ada\u0107 na nas obowi\u0105zek przetwarzania Twoich danych osobowych. W takich przypadkach jeste\u015bmy zobowi\u0105zani do przeprowadzenia przetwarzania, na przyk\u0142ad:<\/p>\n\n\n\n<p>\u200b<\/p>\n\n\n\n<ul class=\"wp-block-list\"><li>Obowi\u0105zki wynikaj\u0105ce z ustawy o przeciwdzia\u0142aniu praniu pieni\u0119dzy;<\/li><li>udost\u0119pnianie informacji Komisji Ochrony Konsument\u00f3w lub osobom trzecim zgodnie z postanowieniami Ustawy o Ochronie Konsument\u00f3w;<\/li><li>udzielanie informacji Urz\u0119dowi Ochrony Danych Osobowych w zwi\u0105zku z obowi\u0105zkami wynikaj\u0105cymi z przepis\u00f3w o ochronie danych osobowych;<\/li><li>udzielanie informacji s\u0105dowi i osobom trzecim w toku post\u0119powania przed s\u0105dem, zgodnie z wymogami akt\u00f3w prawnych maj\u0105cych zastosowanie do tego post\u0119powania;<\/li><\/ul>\n\n\n\n<p>Dane zebrane zgodnie z obowi\u0105zkiem ustawowym usuwamy po wype\u0142nieniu lub wyga\u015bni\u0119ciu obowi\u0105zku ich gromadzenia i przechowywania, np. obowi\u0105zku udzielenia informacji s\u0105dowi, w\u0142a\u015bciwym organom pa\u0144stwowym itp. z przyczyn przewidzianych w obowi\u0105zuj\u0105cych przepisach (5 lat).<\/p>\n\n\n\n<p>Je\u017celi wymaga tego od nas prawo, mo\u017cemy przekaza\u0107 Twoje dane osobowe w\u0142a\u015bciwemu organowi rz\u0105dowemu, osobie fizycznej lub podmiotowi prawnemu.<\/p>\n\n\n\n<p>\u200b<\/p>\n\n\n\n<p><strong>Twoja wyra\u017ana zgoda<\/strong><\/p>\n\n\n\n<p><strong>\u200b<\/strong><\/p>\n\n\n\n<p>Przetwarzamy Twoje dane osobowe na tej podstawie wy\u0142\u0105cznie za Twoj\u0105 wyra\u017an\u0105, jednoznaczn\u0105 i dobrowoln\u0105 zgod\u0105. Nie przewidujemy dla Ciebie \u017cadnych negatywnych konsekwencji w przypadku odmowy przetwarzania Twoich danych osobowych.<\/p>\n\n\n\n<p>Zgoda stanowi odr\u0119bn\u0105 podstaw\u0119 przetwarzania Twoich danych osobowych, a cel przetwarzania jest w niej okre\u015blony i nie jest obj\u0119ty celami wymienionymi w niniejszej polityce. Je\u015bli udzielisz nam odpowiedniej zgody, do momentu jej cofni\u0119cia lub rozwi\u0105zania jakiegokolwiek stosunku umownego z Tob\u0105, przygotujemy dla Ciebie odpowiednie oferty produkt\u00f3w\/us\u0142ug.<\/p>\n\n\n\n<p>Na tej podstawie przetwarzamy wy\u0142\u0105cznie dane, na kt\u00f3re wyrazi\u0142e\u015b\/a\u015b wyra\u017an\u0105 zgod\u0119. Konkretne dane s\u0105 ustalane indywidualnie w ka\u017cdym przypadku. Zazwyczaj dane te obejmuj\u0105:<\/p>\n\n\n\n<p>\u200b<\/p>\n\n\n\n<ul class=\"wp-block-list\"><li>E-mail;<\/li><li>Telefon;<\/li><li>Adres;<\/li><li>Nazwy;<\/li><\/ul>\n\n\n\n<p>Na tej podstawie mo\u017cemy udost\u0119pnia\u0107 Twoje dane agencjom marketingowym i osobom trzecim.<\/p>\n\n\n\n<p>Udzielone zgody mo\u017cna w ka\u017cdej chwili wycofa\u0107. Je\u015bli wycofasz zgod\u0119 na przetwarzanie danych osobowych w dowolnym lub wszystkich opisanych powy\u017cej przypadkach, nie b\u0119dziemy wykorzystywa\u0107 Twoich danych osobowych i informacji do cel\u00f3w wskazanych powy\u017cej.<\/p>\n\n\n\n<p>Zebrane na tej podstawie dane usuwamy na Twoj\u0105 pro\u015bb\u0119 lub po up\u0142ywie 1 roku od ich pierwotnego zebrania.<\/p>\n\n\n\n<p><strong>Przetwarzanie danych zanonimizowanych&nbsp;<\/strong><\/p>\n\n\n\n<p><strong>\u200b<\/strong><\/p>\n\n\n\n<p>Przetwarzamy Twoje dane w celach statycznych, czyli do analiz, kt\u00f3rych wyniki s\u0105 jedynie agregowane, a zatem dane s\u0105 anonimowe. Na podstawie tych informacji nie jest mo\u017cliwa identyfikacja konkretnej osoby.<\/p>\n\n\n\n<p>\u200b<\/p>\n\n\n\n<p><strong>Jak chronimy Twoje dane osobowe<\/strong><\/p>\n\n\n\n<p>Aby zapewni\u0107 odpowiedni\u0105 ochron\u0119 danych firmy i jej klient\u00f3w, wdra\u017camy wszelkie niezb\u0119dne \u015brodki organizacyjne i techniczne przewidziane w Ustawie o ochronie danych osobowych. W celu zapewnienia maksymalnego bezpiecze\u0144stwa przetwarzania, przesy\u0142ania i przechowywania danych, mo\u017cemy stosowa\u0107 dodatkowe mechanizmy ochrony, takie jak szyfrowanie, pseudonimizacja itp.<\/p>\n\n\n\n<p><strong>Prawa konsumenta<\/strong><\/p>\n\n\n\n<p><strong>\u200b<\/strong><\/p>\n\n\n\n<p>Ka\u017cdemu U\u017cytkownikowi serwisu przys\u0142uguj\u0105 wszelkie prawa do ochrony danych osobowych zgodnie z prawem bu\u0142garskim i prawem Unii Europejskiej.<\/p>\n\n\n\n<p>Ka\u017cdy U\u017cytkownik ma prawo do:<\/p>\n\n\n\n<ul class=\"wp-block-list\"><li>\u015awiadomo\u015b\u0107 (w zwi\u0105zku z przetwarzaniem jego danych osobowych przez administratora);<\/li><li>Dost\u0119p do w\u0142asnych danych osobowych;<\/li><li>Korekta (je\u015bli dane s\u0105 nieprawid\u0142owe);<\/li><li>Usuni\u0119cie danych osobowych (prawo do bycia zapomnianym);<\/li><li>Ograniczenie przetwarzania przez administratora lub podmiot przetwarzaj\u0105cy dane osobowe;<\/li><li>Przenoszenie danych osobowych pomi\u0119dzy poszczeg\u00f3lnymi administratorami;<\/li><li>Sprzeciw wobec przetwarzania jego\/jej danych osobowych;<\/li><li>Osoba, kt\u00f3rej dane dotycz\u0105, ma r\u00f3wnie\u017c prawo do tego, by nie podlega\u0107 decyzji, kt\u00f3ra opiera si\u0119 wy\u0142\u0105cznie na zautomatyzowanym przetwarzaniu, w tym profilowaniu, i wywo\u0142uje wobec tej osoby skutki prawne lub w podobny spos\u00f3b istotnie na ni\u0105 wp\u0142ywa;<\/li><li>Prawo do dochodzenia roszcze\u0144 na drodze s\u0105dowej lub administracyjnej w przypadku naruszenia praw osoby, kt\u00f3rej dane dotycz\u0105.<\/li><\/ul>\n\n\n\n<p>U\u017cytkownik mo\u017ce za\u017c\u0105da\u0107 usuni\u0119cia danych, je\u017celi spe\u0142niony jest jeden z nast\u0119puj\u0105cych warunk\u00f3w:<\/p>\n\n\n\n<ul class=\"wp-block-list\"><li>Dane osobowe nie s\u0105 ju\u017c niezb\u0119dne do cel\u00f3w, w kt\u00f3rych zosta\u0142y zebrane lub w inny spos\u00f3b przetwarzane;<\/li><li>U\u017cytkownik cofn\u0105\u0142 swoj\u0105 zgod\u0119, na kt\u00f3rej opiera si\u0119 przetwarzanie danych i nie ma innej podstawy prawnej przetwarzania;<\/li><li>U\u017cytkownik danych sprzeciwia si\u0119 przetwarzaniu i nie wyst\u0119puj\u0105 \u017cadne nadrz\u0119dne podstawy prawne przetwarzania;<\/li><li>Dane osobowe by\u0142y przetwarzane niezgodnie z prawem;<\/li><li>Dane osobowe musz\u0105 zosta\u0107 usuni\u0119te w celu wywi\u0105zania si\u0119 z obowi\u0105zku prawnego przewidzianego w prawie Unii lub prawie pa\u0144stwa cz\u0142onkowskiego, kt\u00f3remu podlega administrator;<\/li><li>Dane osobowe zosta\u0142y zebrane w zwi\u0105zku ze \u015bwiadczeniem us\u0142ug spo\u0142ecze\u0144stwa informacyjnego na rzecz dzieci, a zgoda zosta\u0142a wyra\u017cona przez osob\u0119 sprawuj\u0105c\u0105 w\u0142adz\u0119 rodzicielsk\u0105 nad dzieckiem.<\/li><\/ul>\n\n\n\n<p>U\u017cytkownik ma prawo do ograniczenia przetwarzania swoich danych osobowych przez administratora, gdy:<\/p>\n\n\n\n<ul class=\"wp-block-list\"><li>Kwestionujesz prawid\u0142owo\u015b\u0107 danych osobowych. W takim przypadku ograniczenie przetwarzania nast\u0105pi na okres pozwalaj\u0105cy administratorowi sprawdzi\u0107 prawid\u0142owo\u015b\u0107 danych osobowych;<\/li><li>Przetwarzanie jest niezgodne z prawem, ale U\u017cytkownik nie chce usuni\u0119cia danych osobowych, lecz \u017c\u0105da ograniczenia ich wykorzystywania;<\/li><li>Administrator nie potrzebuje ju\u017c danych osobowych do cel\u00f3w przetwarzania, ale s\u0105 one potrzebne U\u017cytkownikowi do ustalenia, dochodzenia lub obrony roszcze\u0144;<\/li><li>sprzeciwia si\u0119 przetwarzaniu do czasu stwierdzenia, czy prawnie uzasadnione podstawy po stronie administratora s\u0105 nadrz\u0119dne wobec interes\u00f3w U\u017cytkownika.<\/li><\/ul>\n\n\n\n<p><strong>W jaki spos\u00f3b mo\u017cesz korzysta\u0107 ze swoich praw?<\/strong><\/p>\n\n\n\n<p>Aby skorzysta\u0107 ze swoich praw jako osoba, kt\u00f3rej dane dotycz\u0105, mo\u017cesz wys\u0142a\u0107 wiadomo\u015b\u0107 e-mail na adres&nbsp;<a href=\"mailto:office@flatmanager.bg\">office@flatmanager.bg<\/a>&nbsp;wskazuj\u0105c, jakie s\u0105 Twoje pro\u015bby:<\/p>\n\n\n\n<ul class=\"wp-block-list\"><li>Dost\u0119p do danych osobowych;<\/li><li>Cofni\u0119cie zgody;<\/li><li>Aktualizacja danych;<\/li><li>Usuwanie danych<\/li><\/ul>\n\n\n\n<p>\u200b<\/p>\n\n\n\n<p><strong>Prawo do przenoszenia<\/strong><\/p>\n\n\n\n<p><strong>\u200b<\/strong><\/p>\n\n\n\n<p>Osoba, kt\u00f3rej dane dotycz\u0105, ma prawo otrzyma\u0107 w ustrukturyzowanym, powszechnie u\u017cywanym formacie nadaj\u0105cym si\u0119 do odczytu maszynowego dane osobowe jej dotycz\u0105ce, kt\u00f3re dostarczy\u0142a administratorowi, oraz ma prawo przes\u0142a\u0107 te dane osobowe innemu administratorowi bez przeszk\u00f3d ze strony administratora, kt\u00f3remu dostarczono te dane osobowe, je\u017celi przetwarzanie odbywa si\u0119 na podstawie zgody lub obowi\u0105zku umownego i przetwarzanie odbywa si\u0119 w spos\u00f3b zautomatyzowany. Wykonuj\u0105c prawo do przenoszenia danych, osoba, kt\u00f3rej dane dotycz\u0105, ma r\u00f3wnie\u017c prawo \u017c\u0105dania bezpo\u015bredniego przes\u0142ania danych osobowych od jednego administratora do drugiego, o ile jest to technicznie mo\u017cliwe.<\/p>\n\n\n\n<p><strong>Prawo do sprzeciwu<\/strong><\/p>\n\n\n\n<p><strong>\u200b<\/strong><\/p>\n\n\n\n<p>U\u017cytkownicy maj\u0105 prawo wnie\u015b\u0107 sprzeciw wobec przetwarzania ich danych osobowych do administratora. Administrator jest zobowi\u0105zany do zaprzestania przetwarzania, chyba \u017ce wyka\u017ce istnienie wa\u017cnych prawnie uzasadnionych podstaw do przetwarzania, nadrz\u0119dnych wobec interes\u00f3w, praw i wolno\u015bci osoby, kt\u00f3rej dane dotycz\u0105, lub podstaw do ustalenia, dochodzenia lub obrony roszcze\u0144. W przypadku wniesienia sprzeciwu wobec przetwarzania danych osobowych w celach marketingu bezpo\u015bredniego, przetwarzanie zostanie niezw\u0142ocznie wstrzymane.<\/p>\n\n\n\n<p><strong>Skarga do organu nadzorczego<\/strong><\/p>\n\n\n\n<p><strong>\u200b<\/strong><\/p>\n\n\n\n<p>Ka\u017cdy U\u017cytkownik ma prawo wnie\u015b\u0107 skarg\u0119 na niezgodne z prawem przetwarzanie jego danych osobowych do Prezesa Urz\u0119du Ochrony Danych Osobowych lub w\u0142a\u015bciwego s\u0105du.<\/p>\n\n\n\n<p>\u200b<\/p>\n\n\n\n<p>W przypadku CPDP:<\/p>\n\n\n\n<ul class=\"wp-block-list\"><li>Strona internetowa:&nbsp;<a href=\"https:\/\/www.cpdp.bg\/\" target=\"_blank\" rel=\"noreferrer noopener nofollow\">https:\/\/www.cpdp.bg\/<\/a><\/li><li>tel.: 02\/91-53-518<\/li><li>e-mail:&nbsp;<a href=\"mailto:kzld@cpdp.bg\">kzld@cpdp.bg<\/a><\/li><li>adres: Sofia 1592, 2 Prof. Tsvetan Lazarov Blvd.<\/li><\/ul>\n\n\n\n<p>\u200b<\/p>\n\n\n\n<p><strong>Wykorzystanie plik\u00f3w cookie\u201e<\/strong><\/p>\n\n\n\n<p><strong>\u200b<\/strong><\/p>\n\n\n\n<p>Mo\u017cemy u\u017cywa\u0107 plik\u00f3w cookie, aby zrozumie\u0107, w jaki spos\u00f3b korzystasz z tej witryny internetowej, a tak\u017ce analizowa\u0107 ruch w celach reklamowych.<\/p>\n\n\n\n<p>\u200b<\/p>\n\n\n\n<p><strong>Czym s\u0105 pliki cookie?<\/strong><\/p>\n\n\n\n<p>\u200b<\/p>\n\n\n\n<p>Pliki cookie to ma\u0142e pliki tekstowe, kt\u00f3re przegl\u0105darka zapisuje w pami\u0119ci urz\u0105dzenia ko\u0144cowego. Przechowuj\u0105 one pewne informacje (na przyk\u0142ad preferowany j\u0119zyk lub ustawienia witryny), kt\u00f3re przegl\u0105darka mo\u017ce (w zale\u017cno\u015bci od okresu przechowywania pliku cookie) przes\u0142a\u0107 do nas podczas kolejnej wizyty na naszej stronie internetowej.<\/p>\n\n\n\n<p>\u200b<\/p>\n\n\n\n<p>Opr\u00f3cz plik\u00f3w cookie wykorzystywane s\u0105 inne podobne technologie \u015bledzenia. Mog\u0105 one obejmowa\u0107 znaczniki pikselowe (piksele Facebooka), kt\u00f3re \u015bledz\u0105 adresy URL lub zestawy narz\u0119dzi programistycznych (SDK). Znaczniki pikselowe to ma\u0142e obrazy graficzne, cz\u0119sto o rozmiarze jednego piksela, kt\u00f3re mog\u0105 by\u0107 dostarczane do komputera w ramach \u017c\u0105dania strony internetowej, w aplikacji, w reklamie lub w kodzie HTML wiadomo\u015bci e-mail. Piksele mog\u0105 s\u0142u\u017cy\u0107 do pobierania informacji z urz\u0105dzenia, takich jak typ urz\u0105dzenia lub system operacyjny, adres IP oraz czas sp\u0119dzony na stronie lub w aplikacji. Mog\u0105 one s\u0142u\u017cy\u0107 do odczytywania i wykorzystywania plik\u00f3w cookie w przegl\u0105darce.<\/p>\n\n\n\n<p>\u200b<\/p>\n\n\n\n<p><strong>Analiza witryny za pomoc\u0105 Google Analytics<\/strong><\/p>\n\n\n\n<p><strong>\u200b<\/strong><\/p>\n\n\n\n<p>Google Analytics korzysta z metod takich jak pliki cookie, kt\u00f3re umo\u017cliwiaj\u0105 analiz\u0119 korzystania z witryny. Google b\u0119dzie analizowa\u0107 korzystanie z naszej witryny w naszym imieniu. Automatycznie zbierane informacje o korzystaniu z witryny s\u0105 zazwyczaj przesy\u0142ane na serwer Google w USA, gdzie b\u0119d\u0105 przechowywane i analizowane. Odpowiednie wyniki zostan\u0105 nam przekazane w formie zanonimizowanej. Ponadto Google posiada certyfikat w ramach Tarczy Prywatno\u015bci UE-USA, kt\u00f3ra gwarantuje odpowiedni poziom ochrony danych w odniesieniu do przetwarzania danych przez Google w USA. Informacje te s\u0142u\u017c\u0105 do ustalenia, co dzia\u0142a dobrze, a co nale\u017cy ulepszy\u0107 na naszej stronie internetowej. Zebrane dane mog\u0105 obejmowa\u0107, kt\u00f3re strony internetowe przegl\u0105da\u0142e\u015b, na kt\u00f3re strony zosta\u0142e\u015b przekierowany, kt\u00f3re strony wyj\u015bcia odwiedzi\u0142e\u015b i zamkn\u0105\u0142e\u015b, z jakich platform korzysta\u0142e\u015b i jakie dzia\u0142ania podj\u0105\u0142e\u015b, informacje o dacie i czasie trwania.&nbsp;<\/p>\n\n\n\n<p>\u200b<\/p>\n\n\n\n<p><strong>Jak zapobiec ustawianiu plik\u00f3w cookie<\/strong><\/p>\n\n\n\n<p><strong>\u200b<\/strong><\/p>\n\n\n\n<p>Ustawienia plik\u00f3w cookie zale\u017c\u0105 wy\u0142\u0105cznie od u\u017cywanej przegl\u0105darki. Je\u015bli nie zaakceptujesz niekt\u00f3rych technicznych i\/lub funkcjonalnych plik\u00f3w cookie, mo\u017cesz nie m\u00f3c korzysta\u0107 z niekt\u00f3rych funkcji naszej witryny. Aby dowiedzie\u0107 si\u0119 wi\u0119cej o plikach cookie oraz o tym, jak nimi zarz\u0105dza\u0107 i je usuwa\u0107, odwied\u017a stron\u0119 www.<a href=\"http:\/\/allaboutcookies.org\/\" target=\"_blank\" rel=\"noreferrer noopener nofollow\">allaboutcookies.org<\/a>&nbsp;oraz sekcj\u0119 pomocy w Twojej przegl\u0105darce. W ustawieniach przegl\u0105darek takich jak Internet Explorer, Safari, Firefox czy Chrome mo\u017cesz ustawi\u0107, kt\u00f3re pliki cookie maj\u0105 by\u0107 akceptowane, a kt\u00f3re odrzucane. To, gdzie znajdziesz te ustawienia, zale\u017cy od u\u017cywanej przegl\u0105darki.<\/p>\n\n\n\n<p>Oczywi\u015bcie, mo\u017cesz korzysta\u0107 z naszej Strony internetowej bez u\u017cywania plik\u00f3w cookie.<\/p>","protected":false},"excerpt":{"rendered":"<p>\u0418\u043d\u0444\u043e\u0440\u043c\u0430\u0446\u0438\u044f \u0437\u0430 \u0430\u0434\u043c\u0438\u043d\u0438\u0441\u0442\u0440\u0430\u0442\u043e\u0440\u0430 \u043d\u0430 \u043b\u0438\u0447\u043d\u0438 \u0434\u0430\u043d\u043d\u0438: \u200b \u041f\u0440\u0438 \u043f\u043e\u043b\u0437\u0432\u0430\u043d\u0435 \u043d\u0430 \u0443\u0435\u0431\u0441\u0430\u0439\u0442&nbsp;www.flatmanager.bg&nbsp;\u0412\u0430\u0448\u0438\u0442\u0435 \u043b\u0438\u0447\u043d\u0438 \u0434\u0430\u043d\u043d\u0438 \u0441\u0435 \u043e\u0431\u0440\u0430\u0431\u043e\u0442\u0432\u0430\u0442 \u043e\u0442 \u201e\u0424\u043b\u0430\u0442 \u041c\u0435\u043d\u0438\u0434\u0436\u044a\u0440\u201c \u041e\u041e\u0414 &#8211; \u0434\u0440\u0443\u0436\u0435\u0441\u0442\u0432\u043e, \u0440\u0435\u0433\u0438\u0441\u0442\u0440\u0438\u0440\u0430\u043d\u043e \u0432 \u0422\u044a\u0440\u0433\u043e\u0432\u0441\u043a\u0438\u044f \u0440\u0435\u0433\u0438\u0441\u0442\u044a\u0440 \u043d\u0430 \u0410\u0433\u0435\u043d\u0446\u0438\u044f\u0442\u0430 \u043f\u043e \u0432\u043f\u0438\u0441\u0432\u0430\u043d\u0438\u044f\u0442\u0430 \u0441 \u0415\u0418\u041a 202684022, \u0441\u044a\u0441 \u0441\u0435\u0434\u0430\u043b\u0438\u0449\u0435 \u0438 \u0430\u0434\u0440\u0435\u0441 \u043d\u0430 \u0443\u043f\u0440\u0430\u0432\u043b\u0435\u043d\u0438\u0435: \u0433\u0440. \u0421\u043e\u0444\u0438\u044f, \u0411\u0438\u0437\u043d\u0435\u0441 \u0446\u0435\u043d\u0442\u044a\u0440 \u201e\u0415\u0432\u0440\u043e\u0442\u0443\u0440\u201d, \u0443\u043b. \u201e\u041c\u0438\u0445\u0430\u0438\u043b \u0422\u0435\u043d\u0435\u0432\u201d 12, \u0435\u0442. 1, \u043e\u0444\u0438\u0441 2, \u0441 \u0435\u043b\u0435\u043a\u0442\u0440\u043e\u043d\u043d\u0430 \u043f\u043e\u0449\u0430&nbsp;support@flatmanager.bg, \u0442\u0435\u043b\u0435\u0444\u043e\u043d [&hellip;]<\/p>\n","protected":false},"author":1,"featured_media":0,"parent":0,"menu_order":0,"comment_status":"closed","ping_status":"closed","template":"","meta":{"_acf_changed":false,"content-type":"","footnotes":""},"class_list":["post-672","page","type-page","status-publish","hentry"],"acf":[],"_links":{"self":[{"href":"https:\/\/flatmanager.bg\/pl\/wp-json\/wp\/v2\/pages\/672","targetHints":{"allow":["GET"]}}],"collection":[{"href":"https:\/\/flatmanager.bg\/pl\/wp-json\/wp\/v2\/pages"}],"about":[{"href":"https:\/\/flatmanager.bg\/pl\/wp-json\/wp\/v2\/types\/page"}],"author":[{"embeddable":true,"href":"https:\/\/flatmanager.bg\/pl\/wp-json\/wp\/v2\/users\/1"}],"replies":[{"embeddable":true,"href":"https:\/\/flatmanager.bg\/pl\/wp-json\/wp\/v2\/comments?post=672"}],"version-history":[{"count":0,"href":"https:\/\/flatmanager.bg\/pl\/wp-json\/wp\/v2\/pages\/672\/revisions"}],"wp:attachment":[{"href":"https:\/\/flatmanager.bg\/pl\/wp-json\/wp\/v2\/media?parent=672"}],"curies":[{"name":"wp","href":"https:\/\/api.w.org\/{rel}","templated":true}]}}