{"id":3009,"date":"2025-01-30T07:45:36","date_gmt":"2025-01-30T06:15:36","guid":{"rendered":"https:\/\/flatmanager.bg\/?page_id=3009"},"modified":"2025-03-19T07:11:29","modified_gmt":"2025-03-19T05:41:29","slug":"%d0%b1%d0%bb%d0%b0%d0%b3%d0%be%d0%b4%d0%b0%d1%80%d1%8f","status":"publish","type":"page","link":"https:\/\/flatmanager.bg\/pl\/blagodarq\/","title":{"rendered":"Dzi\u0119kuj\u0119"},"content":{"rendered":"<div data-elementor-type=\"wp-page\" data-elementor-id=\"3009\" class=\"elementor elementor-3009\" data-elementor-post-type=\"page\">\n\t\t\t\t<div class=\"elementor-element elementor-element-1317008d e-flex e-con-boxed e-con e-parent\" data-id=\"1317008d\" data-element_type=\"container\">\n\t\t\t\t\t<div class=\"e-con-inner\">\n\t\t<div class=\"elementor-element elementor-element-216fbeb3 e-flex e-con-boxed e-con e-child\" data-id=\"216fbeb3\" data-element_type=\"container\" data-settings=\"{&quot;background_background&quot;:&quot;classic&quot;}\">\n\t\t\t\t\t<div class=\"e-con-inner\">\n\t\t\t\t<div class=\"elementor-element elementor-element-74fe2667 elementor-widget elementor-widget-heading\" data-id=\"74fe2667\" data-element_type=\"widget\" data-widget_type=\"heading.default\">\n\t\t\t\t<div class=\"elementor-widget-container\">\n\t\t\t\t\t<h1 class=\"elementor-heading-title elementor-size-default\">Dzi\u0119kujemy za zapytanie!<\/h1>\t\t\t\t<\/div>\n\t\t\t\t<\/div>\n\t\t\t\t<div class=\"elementor-element elementor-element-5627771a elementor-widget__width-inherit elementor-widget elementor-widget-text-editor\" data-id=\"5627771a\" data-element_type=\"widget\" data-widget_type=\"text-editor.default\">\n\t\t\t\t<div class=\"elementor-widget-container\">\n\t\t\t\t\t\t\t\t\t<p>\u00a0<\/p>\n<p>Dzi\u0119kujemy za zainteresowanie aplikacj\u0105 Flat Manager.<\/p>\n<p>\u00a0<\/p>\n<p>Nasz zesp\u00f3\u0142 przejrzy Twoje dane i skontaktuje si\u0119 z Tob\u0105 w ci\u0105gu 48 godzin.<\/p>\n<p>\u00a0<\/p>\n<p>W mi\u0119dzyczasie mo\u017cesz przegl\u0105da\u0107 nasze us\u0142ugi lub czyta\u0107 najnowsze artyku\u0142y na naszym blogu.<\/p>\t\t\t\t\t\t\t\t<\/div>\n\t\t\t\t<\/div>\n\t\t\t\t\t<\/div>\n\t\t\t\t<\/div>\n\t\t\t\t\t<\/div>\n\t\t\t\t<\/div>\n\t\t<div class=\"elementor-element elementor-element-4eed0de3 e-flex e-con-boxed e-con e-parent\" data-id=\"4eed0de3\" data-element_type=\"container\">\n\t\t\t\t\t<div class=\"e-con-inner\">\n\t\t\t\t<div class=\"elementor-element elementor-element-639b3db elementor-widget elementor-widget-html\" data-id=\"639b3db\" data-element_type=\"widget\" data-widget_type=\"html.default\">\n\t\t\t\t<div class=\"elementor-widget-container\">\n\t\t\t\t\t<!-- Event snippet for General Lead conversion page -->\r\n<script>\r\n  gtag('event', 'conversion', {'send_to': 'AW-852127311\/GbDqCP_Pif4CEM_cqZYD'});\r\n<\/script>\r\n\t\t\t\t<\/div>\n\t\t\t\t<\/div>\n\t\t\t\t\t<\/div>\n\t\t\t\t<\/div>\n\t\t<div class=\"elementor-element elementor-element-7db5a379 e-flex e-con-boxed e-con e-parent\" data-id=\"7db5a379\" data-element_type=\"container\">\n\t\t\t\t\t<div class=\"e-con-inner\">\n\t\t\t\t<div class=\"elementor-element elementor-element-452e8add elementor-posts__hover-none elementor-grid-3 elementor-grid-tablet-2 elementor-grid-mobile-1 elementor-posts--thumbnail-top elementor-widget elementor-widget-posts\" data-id=\"452e8add\" data-element_type=\"widget\" data-settings=\"{&quot;cards_row_gap&quot;:{&quot;unit&quot;:&quot;px&quot;,&quot;size&quot;:80,&quot;sizes&quot;:[]},&quot;cards_row_gap_tablet&quot;:{&quot;unit&quot;:&quot;px&quot;,&quot;size&quot;:71,&quot;sizes&quot;:[]},&quot;cards_row_gap_mobile&quot;:{&quot;unit&quot;:&quot;px&quot;,&quot;size&quot;:30,&quot;sizes&quot;:[]},&quot;cards_columns&quot;:&quot;3&quot;,&quot;cards_columns_tablet&quot;:&quot;2&quot;,&quot;cards_columns_mobile&quot;:&quot;1&quot;}\" data-widget_type=\"posts.cards\">\n\t\t\t\t<div class=\"elementor-widget-container\">\n\t\t\t\t\t\t\t<div class=\"elementor-posts-container elementor-posts elementor-posts--skin-cards elementor-grid\" role=\"list\">\n\t\t\t\t<article class=\"elementor-post elementor-grid-item post-4580 post type-post status-publish format-standard hentry category-flat-manager category-kratkosrochno-otdvavane\" role=\"listitem\">\n\t\t\t<div class=\"elementor-post__card\">\n\t\t\t\t<div class=\"elementor-post__text\">\n\t\t\t\t<h4 class=\"elementor-post__title\">\n\t\t\t<a href=\"https:\/\/flatmanager.bg\/pl\/novite-evropeiski-regulacii-za-kratkosrochni-naemi\/\" >\n\t\t\t\tNowe europejskie przepisy dotycz\u0105ce wynajmu kr\u00f3tkoterminowego: co oznaczaj\u0105 dla w\u0142a\u015bcicieli i jak Flat Manager Ci\u0119 chroni\t\t\t<\/a>\n\t\t<\/h4>\n\t\t\t\t<div class=\"elementor-post__excerpt\">\n\t\t\t<p>Nowe przepisy UE dotycz\u0105ce wynajmu kr\u00f3tkoterminowego wejd\u0105 w \u017cycie 20 maja 2026 r. i zmieni\u0105 rynek w Bu\u0142garii. Nowe rozporz\u0105dzenie (UE) 2024\/1028 wprowadza surowe wymogi dotycz\u0105ce rejestracji, przejrzysto\u015bci i wymiany danych mi\u0119dzy platformami a pa\u0144stwem.<\/p>\n\t\t<\/div>\n\t\t\n\t\t<a class=\"elementor-post__read-more\" href=\"https:\/\/flatmanager.bg\/pl\/novite-evropeiski-regulacii-za-kratkosrochni-naemi\/\" aria-label=\"Read more about \u041d\u043e\u0432\u0438\u0442\u0435 \u0435\u0432\u0440\u043e\u043f\u0435\u0439\u0441\u043a\u0438 \u0440\u0435\u0433\u0443\u043b\u0430\u0446\u0438\u0438 \u0437\u0430 \u043a\u0440\u0430\u0442\u043a\u043e\u0441\u0440\u043e\u0447\u043d\u0438\u0442\u0435 \u043d\u0430\u0435\u043c\u0438: \u043a\u0430\u043a\u0432\u043e \u043e\u0437\u043d\u0430\u0447\u0430\u0432\u0430\u0442 \u0437\u0430 \u0441\u043e\u0431\u0441\u0442\u0432\u0435\u043d\u0438\u0446\u0438\u0442\u0435 \u0438 \u043a\u0430\u043a Flat Manager \u0432\u0438 \u0437\u0430\u0449\u0438\u0442\u0430\u0432\u0430\" tabindex=\"-1\" >\n\t\t\tCzyta\u0107 \t\t<\/a>\n\n\t\t\t\t<\/div>\n\t\t\t\t\t<\/div>\n\t\t<\/article>\n\t\t\t\t<article class=\"elementor-post elementor-grid-item post-4554 post type-post status-publish format-standard has-post-thumbnail hentry category-flat-manager category-20\" role=\"listitem\">\n\t\t\t<div class=\"elementor-post__card\">\n\t\t\t\t<a class=\"elementor-post__thumbnail__link\" href=\"https:\/\/flatmanager.bg\/pl\/imota-kato-biznes\/\" tabindex=\"-1\" ><div class=\"elementor-post__thumbnail\"><img fetchpriority=\"high\" decoding=\"async\" width=\"8192\" height=\"5464\" src=\"https:\/\/flatmanager.bg\/wp-content\/uploads\/2026\/02\/flat3.jpg\" class=\"attachment-full size-full wp-image-4543\" alt=\"\" srcset=\"https:\/\/flatmanager.bg\/wp-content\/uploads\/2026\/02\/flat3.jpg 8192w, https:\/\/flatmanager.bg\/wp-content\/uploads\/2026\/02\/flat3-300x200.jpg 300w, https:\/\/flatmanager.bg\/wp-content\/uploads\/2026\/02\/flat3-1024x683.jpg 1024w, https:\/\/flatmanager.bg\/wp-content\/uploads\/2026\/02\/flat3-768x512.jpg 768w, https:\/\/flatmanager.bg\/wp-content\/uploads\/2026\/02\/flat3-1536x1025.jpg 1536w, https:\/\/flatmanager.bg\/wp-content\/uploads\/2026\/02\/flat3-18x12.jpg 18w\" sizes=\"(max-width: 8192px) 100vw, 8192px\" \/><\/div><\/a>\n\t\t\t\t<div class=\"elementor-post__text\">\n\t\t\t\t<h4 class=\"elementor-post__title\">\n\t\t\t<a href=\"https:\/\/flatmanager.bg\/pl\/imota-kato-biznes\/\" >\n\t\t\t\tNieruchomo\u015b\u0107 jako biznes, a nie dodatkowy doch\u00f3d \u2013 kiedy czas na bardziej profesjonalne podej\u015bcie?\t\t\t<\/a>\n\t\t<\/h4>\n\t\t\t\t<div class=\"elementor-post__excerpt\">\n\t\t\t<p>Wielu w\u0142a\u015bcicieli zaczyna wynajmowa\u0107 swoj\u0105 nieruchomo\u015b\u0107 jako dodatkowe \u017ar\u00f3d\u0142o dochodu. Pocz\u0105tkowo proces wydaje si\u0119 \u0142atwy \u2013 kilka rezerwacji miesi\u0119cznie, komunikacja z go\u015b\u0107mi, organizacja sprz\u0105tania. Jednak z czasem sytuacja si\u0119 zmienia. I tu pojawia si\u0119 kluczowe pytanie: kiedy nieruchomo\u015b\u0107 przestaje by\u0107 wynajmowana?<\/p>\n\t\t<\/div>\n\t\t\n\t\t<a class=\"elementor-post__read-more\" href=\"https:\/\/flatmanager.bg\/pl\/imota-kato-biznes\/\" aria-label=\"Read more about \u0418\u043c\u043e\u0442\u044a\u0442 \u043a\u0430\u0442\u043e \u0431\u0438\u0437\u043d\u0435\u0441, \u0430 \u043d\u0435 \u043a\u0430\u0442\u043e \u0441\u0442\u0440\u0430\u043d\u0438\u0447\u0435\u043d \u0434\u043e\u0445\u043e\u0434 \u2013 \u043a\u043e\u0433\u0430 \u0438\u0434\u0432\u0430 \u043c\u043e\u043c\u0435\u043d\u0442\u044a\u0442 \u0437\u0430 \u043f\u043e-\u043f\u0440\u043e\u0444\u0435\u0441\u0438\u043e\u043d\u0430\u043b\u0435\u043d \u043f\u043e\u0434\u0445\u043e\u0434\" tabindex=\"-1\" >\n\t\t\tCzyta\u0107 \t\t<\/a>\n\n\t\t\t\t<\/div>\n\t\t\t\t\t<\/div>\n\t\t<\/article>\n\t\t\t\t<article class=\"elementor-post elementor-grid-item post-4546 post type-post status-publish format-standard has-post-thumbnail hentry category-flat-manager category-20\" role=\"listitem\">\n\t\t\t<div class=\"elementor-post__card\">\n\t\t\t\t<a class=\"elementor-post__thumbnail__link\" href=\"https:\/\/flatmanager.bg\/pl\/kakvo-pravi-edin-imot-predpochitan\/\" tabindex=\"-1\" ><div class=\"elementor-post__thumbnail\"><img decoding=\"async\" width=\"2560\" height=\"1096\" src=\"https:\/\/flatmanager.bg\/wp-content\/uploads\/2026\/02\/flat2-scaled.jpg\" class=\"attachment-full size-full wp-image-4544\" alt=\"\" srcset=\"https:\/\/flatmanager.bg\/wp-content\/uploads\/2026\/02\/flat2-scaled.jpg 2560w, https:\/\/flatmanager.bg\/wp-content\/uploads\/2026\/02\/flat2-300x128.jpg 300w, https:\/\/flatmanager.bg\/wp-content\/uploads\/2026\/02\/flat2-1024x438.jpg 1024w, https:\/\/flatmanager.bg\/wp-content\/uploads\/2026\/02\/flat2-768x329.jpg 768w, https:\/\/flatmanager.bg\/wp-content\/uploads\/2026\/02\/flat2-1536x658.jpg 1536w, https:\/\/flatmanager.bg\/wp-content\/uploads\/2026\/02\/flat2-2048x877.jpg 2048w, https:\/\/flatmanager.bg\/wp-content\/uploads\/2026\/02\/flat2-18x8.jpg 18w\" sizes=\"(max-width: 2560px) 100vw, 2560px\" \/><\/div><\/a>\n\t\t\t\t<div class=\"elementor-post__text\">\n\t\t\t\t<h4 class=\"elementor-post__title\">\n\t\t\t<a href=\"https:\/\/flatmanager.bg\/pl\/kakvo-pravi-edin-imot-predpochitan\/\" >\n\t\t\t\tCo naprawd\u0119 sprawia, \u017ce nieruchomo\u015b\u0107 jest \u201epreferowana\u201c. Czynniki, o kt\u00f3rych go\u015bcie nie m\u00f3wi\u0105, ale kt\u00f3re wybieraj\u0105\t\t\t<\/a>\n\t\t<\/h4>\n\t\t\t\t<div class=\"elementor-post__excerpt\">\n\t\t\t<p>Na platformach oferuj\u0105cych zakwaterowanie kr\u00f3tkoterminowe cz\u0119sto widzimy dziesi\u0105tki podobnych apartament\u00f3w \u2013 dobra lokalizacja, przyzwoite wyposa\u017cenie, przyzwoite zdj\u0119cia. A jednak niekt\u00f3re obiekty s\u0105 stale rezerwowane, podczas gdy inne pozostaj\u0105 niedorezerwowane. Dlaczego? Prawda jest taka, \u017ce go\u015bcie rzadko kiedy jasno wyja\u015bniaj\u0105 powody.<\/p>\n\t\t<\/div>\n\t\t\n\t\t<a class=\"elementor-post__read-more\" href=\"https:\/\/flatmanager.bg\/pl\/kakvo-pravi-edin-imot-predpochitan\/\" aria-label=\"Read more about \u041a\u0430\u043a\u0432\u043e \u0432\u0441\u044a\u0449\u043d\u043e\u0441\u0442 \u043f\u0440\u0430\u0432\u0438 \u0435\u0434\u0438\u043d \u0438\u043c\u043e\u0442 \u201e\u043f\u0440\u0435\u0434\u043f\u043e\u0447\u0438\u0442\u0430\u043d\u201c. \u0424\u0430\u043a\u0442\u043e\u0440\u0438\u0442\u0435, \u043a\u043e\u0438\u0442\u043e \u0433\u043e\u0441\u0442\u0438\u0442\u0435 \u043d\u0435 \u0438\u0437\u0440\u0438\u0447\u0430\u0442, \u043d\u043e \u0438\u0437\u0431\u0438\u0440\u0430\u0442\" tabindex=\"-1\" >\n\t\t\tCzyta\u0107 \t\t<\/a>\n\n\t\t\t\t<\/div>\n\t\t\t\t\t<\/div>\n\t\t<\/article>\n\t\t\t\t<\/div>\n\t\t\n\t\t\t\t\t\t<\/div>\n\t\t\t\t<\/div>\n\t\t\t\t\t<\/div>\n\t\t\t\t<\/div>\n\t\t\t\t<\/div>","protected":false},"excerpt":{"rendered":"<p>\u0411\u043b\u0430\u0433\u043e\u0434\u0430\u0440\u0438\u043c \u0412\u0438 \u0437\u0430 \u0412\u0430\u0448\u0435\u0442\u043e \u0437\u0430\u043f\u0438\u0442\u0432\u0430\u043d\u0435! \u00a0 \u041e\u0446\u0435\u043d\u044f\u0432\u0430\u043c\u0435 \u0412\u0430\u0448\u0438\u044f \u0438\u043d\u0442\u0435\u0440\u0435\u0441 \u043a\u044a\u043c Flat Manager. \u00a0 \u041d\u0430\u0448\u0438\u044f\u0442 \u0435\u043a\u0438\u043f \u0449\u0435 \u043f\u0440\u0435\u0433\u043b\u0435\u0434\u0430 \u0438\u043d\u0444\u043e\u0440\u043c\u0430\u0446\u0438\u044f\u0442\u0430 \u0412\u0438 \u0438 \u0449\u0435 \u0441\u0435 \u0441\u0432\u044a\u0440\u0436\u0435 \u0441 \u0412\u0430\u0441 \u0432 \u0440\u0430\u043c\u043a\u0438\u0442\u0435 \u043d\u0430 48 \u0447\u0430\u0441\u0430. \u00a0 \u041c\u0435\u0436\u0434\u0443\u0432\u0440\u0435\u043c\u0435\u043d\u043d\u043e \u043c\u043e\u0436\u0435\u0442\u0435 \u0434\u0430 \u0440\u0430\u0437\u0433\u043b\u0435\u0434\u0430\u0442\u0435 \u043d\u0430\u0448\u0438\u0442\u0435 \u0443\u0441\u043b\u0443\u0433\u0438 \u0438\u043b\u0438 \u0434\u0430 \u043f\u0440\u043e\u0447\u0435\u0442\u0435\u0442\u0435 \u043f\u043e\u0441\u043b\u0435\u0434\u043d\u0438\u0442\u0435 \u043d\u0438 \u0441\u0442\u0430\u0442\u0438\u0438 \u0432 \u0431\u043b\u043e\u0433\u0430.<\/p>","protected":false},"author":1,"featured_media":0,"parent":0,"menu_order":0,"comment_status":"closed","ping_status":"closed","template":"","meta":{"_acf_changed":false,"content-type":"","footnotes":""},"class_list":["post-3009","page","type-page","status-publish","hentry"],"acf":[],"_links":{"self":[{"href":"https:\/\/flatmanager.bg\/pl\/wp-json\/wp\/v2\/pages\/3009","targetHints":{"allow":["GET"]}}],"collection":[{"href":"https:\/\/flatmanager.bg\/pl\/wp-json\/wp\/v2\/pages"}],"about":[{"href":"https:\/\/flatmanager.bg\/pl\/wp-json\/wp\/v2\/types\/page"}],"author":[{"embeddable":true,"href":"https:\/\/flatmanager.bg\/pl\/wp-json\/wp\/v2\/users\/1"}],"replies":[{"embeddable":true,"href":"https:\/\/flatmanager.bg\/pl\/wp-json\/wp\/v2\/comments?post=3009"}],"version-history":[{"count":17,"href":"https:\/\/flatmanager.bg\/pl\/wp-json\/wp\/v2\/pages\/3009\/revisions"}],"predecessor-version":[{"id":3163,"href":"https:\/\/flatmanager.bg\/pl\/wp-json\/wp\/v2\/pages\/3009\/revisions\/3163"}],"wp:attachment":[{"href":"https:\/\/flatmanager.bg\/pl\/wp-json\/wp\/v2\/media?parent=3009"}],"curies":[{"name":"wp","href":"https:\/\/api.w.org\/{rel}","templated":true}]}}