{"id":2915,"date":"2025-01-06T15:40:11","date_gmt":"2025-01-06T14:10:11","guid":{"rendered":"https:\/\/flatmanager.bg\/?page_id=2915"},"modified":"2025-01-06T15:40:13","modified_gmt":"2025-01-06T14:10:13","slug":"%d0%b8%d0%b3%d1%80%d0%b0-%d1%81-%d0%bd%d0%b0%d0%b3%d1%80%d0%b0%d0%b4%d0%b8","status":"publish","type":"page","link":"https:\/\/flatmanager.bg\/pl\/giveaway-terms-conditions\/","title":{"rendered":"Gra z nagrodami"},"content":{"rendered":"<p><strong>Informacje og\u00f3lne<\/strong><\/p>\n\n\n\n<p>Niniejsza promocja, zwana dalej Konkursem, organizowana jest i prowadzona przez Flat Manager AD, UIC: 207610353, z siedzib\u0105 zarejestrowan\u0105 i adresem zarz\u0105du: Sofia - Sofia 1784, Mihail Tenev Blvd., zwan\u0105 dalej Organizatorem.<\/p>\n\n\n\n<p>Bior\u0105c udzia\u0142 w Grze, uczestnicy zobowi\u0105zuj\u0105 si\u0119 do przestrzegania niniejszego Regulaminu i warunk\u00f3w Gry. Regulamin b\u0119dzie dost\u0119pny przez ca\u0142y czas trwania Gry na stronie internetowej Organizatora: www.flatmanager.bg. Organizator Gry zastrzega sobie prawo do uzupe\u0142niania lub zmiany Regulaminu w dowolnym momencie, a zmiany wchodz\u0105 w \u017cycie dopiero po ich og\u0142oszeniu na stronie internetowej www.flatmanager.bg. O ka\u017cdym wcze\u015bniejszym zako\u0144czeniu Gry zostanie powiadomiony w ten sam spos\u00f3b.<\/p>\n\n\n\n<p><strong>Lokal<\/strong><\/p>\n\n\n\n<p>Gra odbywa si\u0119 na terytorium Republiki Bu\u0142garii i mog\u0105 w niej uczestniczy\u0107 wszystkie osoby, kt\u00f3re uko\u0144czy\u0142y 18 lat.<\/p>\n\n\n\n<p><strong>Czas trwania<\/strong><\/p>\n\n\n\n<p>Gra rozpocznie si\u0119 02.01.2025 i potrwa do 09.01.2025 w\u0142\u0105cznie.<\/p>\n\n\n\n<p><strong>Opis gry<\/strong><\/p>\n\n\n\n<p>Gra odbywa si\u0119 na profilu instagramowym flatmanager i daje uczestnikom mo\u017cliwo\u015b\u0107 wygrania 1 nagrody - weekendu dla dw\u00f3ch os\u00f3b w apartamencie zarz\u0105dzanym przez Flat Managera w Pamporowie lub Bansku.<\/p>\n\n\n\n<p><strong>Mechanizm promocji<\/strong><\/p>\n\n\n\n<p>Aby wzi\u0105\u0107 udzia\u0142 w losowaniu i wygra\u0107 nagrod\u0119, uczestnicy gry musz\u0105 wykona\u0107 nast\u0119puj\u0105ce kroki:<\/p>\n\n\n\n<ul class=\"wp-block-list\">\n<li>Polub post o Grze.<\/li>\n\n\n\n<li>Obserwuj konto flatmanager na Instagramie<\/li>\n\n\n\n<li>Oznacz znajomego w komentarzu pod postem o Grze. Ka\u017cde oznaczenie znajomego w osobnym komentarzu jest traktowane jako dodatkowy udzia\u0142, pod warunkiem spe\u0142nienia 2 powy\u017cszych warunk\u00f3w.<\/li>\n\n\n\n<li>Do dnia 09.01.2025 r. w\u0142\u0105cznie przyjmowane s\u0105 nieograniczone zg\u0142oszenia od jednej osoby.<\/li>\n\n\n\n<li>Udzia\u0142 nie jest zwi\u0105zany z zakupem ani rejestracj\u0105.<\/li>\n<\/ul>\n\n\n\n<p><strong>Opis nagr\u00f3d:<\/strong><\/p>\n\n\n\n<ul class=\"wp-block-list\">\n<li>1. Nagroda g\u0142\u00f3wna: weekend dla dw\u00f3ch os\u00f3b w apartamencie zarz\u0105dzanym przez Flat Manager w Pamporowie lub Bansku. Nagroda dotyczy rezerwacji na 2 noce (poniedzia\u0142ek-niedziela lub sobota-poniedzia\u0142ek) w okresie od 11.01.2025 do 31.03.2025 w dost\u0119pnych apartamentach w Pamporowie lub Bansku, zarz\u0105dzanych przez Flat Manager, na stronie https:\/\/book.flatmanager.bg\/<\/li>\n<\/ul>\n\n\n\n<p><strong>Losowanie i og\u0142aszanie zwyci\u0119zc\u00f3w Gry<\/strong><\/p>\n\n\n\n<p>Zwyci\u0119zca Gry zostanie wylosowany za pomoc\u0105 programu cyfrowego 10 stycznia 2025 r.<\/p>\n\n\n\n<p>Zwyci\u0119zca zostanie og\u0142oszony w artykule na profilu flatmanager na Instagramie 10 stycznia 2025 r.<\/p>\n\n\n\n<p>Zwyci\u0119zca musi skontaktowa\u0107 si\u0119 z Organizatorem gry za po\u015brednictwem prywatnej wiadomo\u015bci na profilu Instagram u\u017cytkownika flatmanager do 31 stycznia 2025 r. w celu wyja\u015bnienia kwestii otrzymania nagrody.<\/p>\n\n\n\n<p><strong>Zako\u0144czenie promocji<\/strong><\/p>\n\n\n\n<p>Organizator ma nieodwo\u0142alne prawo do zako\u0144czenia Gry w ka\u017cdym czasie w przypadku stwierdzenia nadu\u017cycia lub z\u0142amania zasad, w przypadku wyst\u0105pienia si\u0142y wy\u017cszej lub z innych obiektywnych przyczyn.<\/p>\n\n\n\n<p><strong>Przetwarzanie danych osobowych<\/strong><\/p>\n\n\n\n<p>Niniejszym regulaminem Organizator informuje uczestnik\u00f3w Gry o konieczno\u015bci przetwarzania ich danych osobowych. Uczestnictwo w Grze jest r\u00f3wnoznaczne z wyra\u017ceniem zgody i dobrowolnym podaniem przez uczestnik\u00f3w swoich danych osobowych (imienia i nazwiska, numeru telefonu, adresu e-mail lub innych danych) w celach zwi\u0105zanych z Gr\u0105.<\/p>\n\n\n\n<p><strong>Spory i odpowiedzialno\u015b\u0107<\/strong><\/p>\n\n\n\n<p>Spory mi\u0119dzy Organizatorem Gry a uczestnikami b\u0119d\u0105 rozstrzygane w drodze porozumienia stron. W przypadku nieosi\u0105gni\u0119cia porozumienia, sp\u00f3r b\u0119dzie rozstrzygany przez w\u0142a\u015bciwe s\u0105dy Republiki Bu\u0142garii.<\/p>","protected":false},"excerpt":{"rendered":"<p>\u041e\u0431\u0449\u0430 \u0438\u043d\u0444\u043e\u0440\u043c\u0430\u0446\u0438\u044f \u041d\u0430\u0441\u0442\u043e\u044f\u0449\u0430\u0442\u0430 \u043f\u0440\u043e\u043c\u043e\u0446\u0438\u044f, \u043d\u0430\u0440\u0438\u0447\u0430\u043d\u0430 \u043f\u043e-\u043d\u0430\u0442\u0430\u0442\u044a\u043a \u0418\u0433\u0440\u0430 \u0441 \u043d\u0430\u0433\u0440\u0430\u0434\u0438 (Giveaway), \u0441\u0435 \u043e\u0440\u0433\u0430\u043d\u0438\u0437\u0438\u0440\u0430 \u0438 \u043f\u0440\u043e\u0432\u0435\u0436\u0434\u0430 \u043e\u0442 \u0424\u043b\u0430\u0442 \u041c\u0435\u043d\u0438\u0434\u0436\u044a\u0440 \u0410\u0414, \u0415\u0418\u041a: 207610353, \u0441\u044a\u0441 \u0441\u0435\u0434\u0430\u043b\u0438\u0449\u0435 \u0438 \u0430\u0434\u0440\u0435\u0441 \u043d\u0430 \u0443\u043f\u0440\u0430\u0432\u043b\u0435\u043d\u0438\u0435: \u0433\u0440. \u0421\u043e\u0444\u0438\u044f \u2013 \u0433\u0440. \u0421\u043e\u0444\u0438\u044f 1784, \u0431\u0443\u043b. \u041c\u0438\u0445\u0430\u0438\u043b \u0422\u0435\u043d\u0435\u0432, \u043d\u0430\u0440\u0438\u0447\u0430\u043d\u043e \u043f\u043e-\u043d\u0430\u0442\u0430\u0442\u044a\u043a \u041e\u0440\u0433\u0430\u043d\u0438\u0437\u0430\u0442\u043e\u0440. \u0421 \u0443\u0447\u0430\u0441\u0442\u0438\u0435\u0442\u043e \u0441\u0438 \u0432 \u0418\u0433\u0440\u0430\u0442\u0430 \u0443\u0447\u0430\u0441\u0442\u043d\u0438\u0446\u0438\u0442\u0435 \u0441\u0435 \u043e\u0431\u0432\u044a\u0440\u0437\u0432\u0430\u0442 \u0441 \u043d\u0430\u0441\u0442\u043e\u044f\u0449\u0438\u0442\u0435 \u041e\u0444\u0438\u0446\u0438\u0430\u043b\u043d\u0438 \u043f\u0440\u0430\u0432\u0438\u043b\u0430 \u0438 \u0441\u0435 \u0441\u044a\u0433\u043b\u0430\u0441\u044f\u0432\u0430\u0442 \u0434\u0430 \u0441\u043f\u0430\u0437\u0432\u0430\u0442 [&hellip;]<\/p>\n","protected":false},"author":1,"featured_media":0,"parent":0,"menu_order":0,"comment_status":"closed","ping_status":"closed","template":"","meta":{"_acf_changed":false,"content-type":"","footnotes":""},"class_list":["post-2915","page","type-page","status-publish","hentry"],"acf":[],"_links":{"self":[{"href":"https:\/\/flatmanager.bg\/pl\/wp-json\/wp\/v2\/pages\/2915","targetHints":{"allow":["GET"]}}],"collection":[{"href":"https:\/\/flatmanager.bg\/pl\/wp-json\/wp\/v2\/pages"}],"about":[{"href":"https:\/\/flatmanager.bg\/pl\/wp-json\/wp\/v2\/types\/page"}],"author":[{"embeddable":true,"href":"https:\/\/flatmanager.bg\/pl\/wp-json\/wp\/v2\/users\/1"}],"replies":[{"embeddable":true,"href":"https:\/\/flatmanager.bg\/pl\/wp-json\/wp\/v2\/comments?post=2915"}],"version-history":[{"count":1,"href":"https:\/\/flatmanager.bg\/pl\/wp-json\/wp\/v2\/pages\/2915\/revisions"}],"predecessor-version":[{"id":2916,"href":"https:\/\/flatmanager.bg\/pl\/wp-json\/wp\/v2\/pages\/2915\/revisions\/2916"}],"wp:attachment":[{"href":"https:\/\/flatmanager.bg\/pl\/wp-json\/wp\/v2\/media?parent=2915"}],"curies":[{"name":"wp","href":"https:\/\/api.w.org\/{rel}","templated":true}]}}