{"id":1677,"date":"2024-07-04T16:06:44","date_gmt":"2024-07-04T14:36:44","guid":{"rendered":"http:\/\/3.122.90.131\/?page_id=1677"},"modified":"2024-07-04T16:07:18","modified_gmt":"2024-07-04T14:37:18","slug":"t-and-c-game","status":"publish","type":"page","link":"https:\/\/flatmanager.bg\/pl\/t-and-c-game\/","title":{"rendered":"Regulamin uczestnictwa w Grze o Nagrody"},"content":{"rendered":"<h2 class=\"wp-block-heading\">Regulamin uczestnictwa w Grze o Nagrody<\/h2>\n\n\n\n<p><strong>Informacje og\u00f3lne<\/strong><\/p>\n\n\n\n<p>Niniejsza promocja, zwana dalej Konkursem, organizowana jest i prowadzona przez Flat Manager AD, o numerze identyfikacyjnym UIC: 207610353, z siedzib\u0105 w Sofia, Eurotour Business Center, ul. Mihaila Teneva 12, 1 pi\u0119tro, biuro 2, zwanego dalej Organizatorem.<\/p>\n\n\n\n<p>Bior\u0105c udzia\u0142 w Grze, uczestnicy zobowi\u0105zuj\u0105 si\u0119 do przestrzegania niniejszego Regulaminu i warunk\u00f3w Gry. Regulamin b\u0119dzie dost\u0119pny przez ca\u0142y czas trwania Gry na stronie internetowej Organizatora: www.flatmanager.bg. Organizator Gry zastrzega sobie prawo do uzupe\u0142niania lub zmiany Regulaminu w dowolnym momencie, a zmiany wchodz\u0105 w \u017cycie dopiero po ich og\u0142oszeniu na stronie internetowej www.flatmanager.bg. O ka\u017cdym wcze\u015bniejszym zako\u0144czeniu Gry zostanie powiadomiony w ten sam spos\u00f3b.<\/p>\n\n\n\n<p><strong>Lokal<\/strong><\/p>\n\n\n\n<p>Gra odbywa si\u0119 na terytorium Republiki Bu\u0142garii i mog\u0105 w niej uczestniczy\u0107 wszystkie osoby, kt\u00f3re uko\u0144czy\u0142y 18 lat.<\/p>\n\n\n\n<p><strong>Czas trwania<\/strong><strong><\/strong><\/p>\n\n\n\n<p>Gra rozpocznie si\u0119 05.07.2024 i potrwa do 15.07.2024 w\u0142\u0105cznie.<\/p>\n\n\n\n<p><strong>Opis gry<\/strong><\/p>\n\n\n\n<p>Gra odbywa si\u0119 na profilu Flat Manager na Instagramie i daje uczestnikom szans\u0119 na wygranie 1 nagrody \u2013 2 nocleg\u00f3w w apartamencie z jedn\u0105 lub dwiema sypialniami w kompleksie The Cliff \u2013 Obzor.<\/p>\n\n\n\n<p><strong>Mechanizm promocji<\/strong><\/p>\n\n\n\n<p>Aby wzi\u0105\u0107 udzia\u0142 w losowaniu i wygra\u0107 1 nagrod\u0119 g\u0142\u00f3wn\u0105 oraz 5 mniejszych nagr\u00f3d, uczestnicy gry musz\u0105 wykona\u0107 nast\u0119puj\u0105ce kroki:<\/p>\n\n\n\n<ul class=\"wp-block-list\">\n<li>Polub post o Grze.<\/li>\n\n\n\n<li>Obserwuj konto Flat Manager na Instagramie.<\/li>\n\n\n\n<li>Oznacz znajomego w komentarzu pod postem o Grze. Ka\u017cde oznaczenie znajomego w osobnym komentarzu jest traktowane jako dodatkowy udzia\u0142, pod warunkiem spe\u0142nienia 2 powy\u017cszych warunk\u00f3w.<\/li>\n\n\n\n<li>Do 15 lipca 2024 r. w\u0142\u0105cznie przyjmowane s\u0105 nieograniczone zg\u0142oszenia od jednej osoby.<\/li>\n\n\n\n<li>Udzia\u0142 nie jest zwi\u0105zany z zakupem ani rejestracj\u0105.<\/li>\n<\/ul>\n\n\n\n<p><strong>Opis nagr\u00f3d:<\/strong><\/p>\n\n\n\n<ul class=\"wp-block-list\">\n<li>1 nagroda: 2 noce w apartamencie z jedn\u0105 lub dwiema sypialniami z oferty luksusowych apartament\u00f3w w kompleksie The Cliff - Obzor, zarz\u0105dzanym przez Flat Manager, w wybranym terminie w okresie 16.07.2024 - 30.09.2024. <\/li>\n<\/ul>\n\n\n\n<p><strong>Losowanie i og\u0142aszanie zwyci\u0119zc\u00f3w Gry<\/strong><\/p>\n\n\n\n<p>Zwyci\u0119zcy Gry zostan\u0105 wylosowani za pomoc\u0105 programu cyfrowego w dniu 16.07.2024 r.<\/p>\n\n\n\n<p>Zwyci\u0119zcy zostan\u0105 og\u0142oszeni w artykule i po\u015bcie na profilu Flat Managera na Instagramie oraz na stronie internetowej www.flatmanager.bg w dniu 16.07.2024 r.<\/p>\n\n\n\n<p>Zwyci\u0119zcy musz\u0105 skontaktowa\u0107 si\u0119 z Organizatorem gry poprzez prywatn\u0105 wiadomo\u015b\u0107 na profilu Instagram Flat Manager lub Flatimo w celu wyja\u015bnienia kwestii otrzymania nagrody do dnia 31.05.2024 r.<\/p>\n\n\n\n<p><strong>Zako\u0144czenie promocji<\/strong><\/p>\n\n\n\n<p>Organizator ma nieodwo\u0142alne prawo do zako\u0144czenia Gry w ka\u017cdym czasie w przypadku stwierdzenia nadu\u017cycia lub z\u0142amania zasad, w przypadku wyst\u0105pienia si\u0142y wy\u017cszej lub z innych obiektywnych przyczyn.<\/p>\n\n\n\n<p><strong>Przetwarzanie danych osobowych<\/strong><\/p>\n\n\n\n<p>Niniejszym regulaminem Organizator informuje uczestnik\u00f3w Gry o konieczno\u015bci przetwarzania ich danych osobowych. Uczestnictwo w Grze jest r\u00f3wnoznaczne z wyra\u017ceniem zgody i dobrowolnym podaniem przez uczestnik\u00f3w swoich danych osobowych (imienia i nazwiska, numeru telefonu, adresu e-mail lub innych danych) w celach zwi\u0105zanych z Gr\u0105.<\/p>\n\n\n\n<p><strong>Spory i odpowiedzialno\u015b\u0107<\/strong><\/p>\n\n\n\n<p>Spory mi\u0119dzy Organizatorem Gry a uczestnikami b\u0119d\u0105 rozstrzygane w drodze porozumienia stron. W przypadku nieosi\u0105gni\u0119cia porozumienia, sp\u00f3r b\u0119dzie rozstrzygany przez w\u0142a\u015bciwe s\u0105dy Republiki Bu\u0142garii.<\/p>","protected":false},"excerpt":{"rendered":"<p>\u041f\u0440\u0430\u0432\u0438\u043b\u0430 \u0438 \u0443\u0441\u043b\u043e\u0432\u0438\u044f \u0437\u0430 \u0443\u0447\u0430\u0441\u0442\u0438\u0435 \u0432 \u0418\u0433\u0440\u0430 \u0441 \u043d\u0430\u0433\u0440\u0430\u0434\u0438 \u041e\u0431\u0449\u0430 \u0438\u043d\u0444\u043e\u0440\u043c\u0430\u0446\u0438\u044f \u041d\u0430\u0441\u0442\u043e\u044f\u0449\u0430\u0442\u0430 \u043f\u0440\u043e\u043c\u043e\u0446\u0438\u044f, \u043d\u0430\u0440\u0438\u0447\u0430\u043d\u0430 \u043f\u043e-\u043d\u0430\u0442\u0430\u0442\u044a\u043a \u0418\u0433\u0440\u0430 \u0441 \u043d\u0430\u0433\u0440\u0430\u0434\u0438 (Giveaway), \u0441\u0435 \u043e\u0440\u0433\u0430\u043d\u0438\u0437\u0438\u0440\u0430 \u0438 \u043f\u0440\u043e\u0432\u0435\u0436\u0434\u0430 \u043e\u0442 \u201e\u0424\u043b\u0430\u0442 \u041c\u0435\u043d\u0438\u0434\u0436\u044a\u0440\u201c \u0410\u0414, \u0441 \u0415\u0418\u041a: 207610353, \u0441 \u0430\u0434\u0440\u0435\u0441: \u0433\u0440. \u0421\u043e\u0444\u0438\u044f, \u0411\u0438\u0437\u043d\u0435\u0441 \u0446\u0435\u043d\u0442\u044a\u0440 \u201e\u0415\u0432\u0440\u043e\u0442\u0443\u0440\u201d, \u0443\u043b. \u201e\u041c\u0438\u0445\u0430\u0438\u043b \u0422\u0435\u043d\u0435\u0432\u201d 12, \u0435\u0442. 1, \u043e\u0444\u0438\u0441 2, \u043d\u0430\u0440\u0438\u0447\u0430\u043d\u043e \u043f\u043e-\u043d\u0430\u0442\u0430\u0442\u044a\u043a \u041e\u0440\u0433\u0430\u043d\u0438\u0437\u0430\u0442\u043e\u0440. \u0421 \u0443\u0447\u0430\u0441\u0442\u0438\u0435\u0442\u043e \u0441\u0438 \u0432 \u0418\u0433\u0440\u0430\u0442\u0430 \u0443\u0447\u0430\u0441\u0442\u043d\u0438\u0446\u0438\u0442\u0435 \u0441\u0435 [&hellip;]<\/p>\n","protected":false},"author":1,"featured_media":0,"parent":0,"menu_order":0,"comment_status":"closed","ping_status":"closed","template":"","meta":{"_acf_changed":false,"content-type":"","footnotes":""},"class_list":["post-1677","page","type-page","status-publish","hentry"],"acf":[],"_links":{"self":[{"href":"https:\/\/flatmanager.bg\/pl\/wp-json\/wp\/v2\/pages\/1677","targetHints":{"allow":["GET"]}}],"collection":[{"href":"https:\/\/flatmanager.bg\/pl\/wp-json\/wp\/v2\/pages"}],"about":[{"href":"https:\/\/flatmanager.bg\/pl\/wp-json\/wp\/v2\/types\/page"}],"author":[{"embeddable":true,"href":"https:\/\/flatmanager.bg\/pl\/wp-json\/wp\/v2\/users\/1"}],"replies":[{"embeddable":true,"href":"https:\/\/flatmanager.bg\/pl\/wp-json\/wp\/v2\/comments?post=1677"}],"version-history":[{"count":0,"href":"https:\/\/flatmanager.bg\/pl\/wp-json\/wp\/v2\/pages\/1677\/revisions"}],"wp:attachment":[{"href":"https:\/\/flatmanager.bg\/pl\/wp-json\/wp\/v2\/media?parent=1677"}],"curies":[{"name":"wp","href":"https:\/\/api.w.org\/{rel}","templated":true}]}}