{"id":777,"date":"2022-09-01T08:26:03","date_gmt":"2022-09-01T08:26:03","guid":{"rendered":"http:\/\/34.118.89.231\/?page_id=777"},"modified":"2025-02-03T11:27:27","modified_gmt":"2025-02-03T09:57:27","slug":"kratkosrochni-naemi-zakoni-danyci-airbnb","status":"publish","type":"page","link":"https:\/\/flatmanager.bg\/de\/kratkosrochni-naemi-zakoni-danyci-airbnb\/","title":{"rendered":"Steuern und rechtliche Anforderungen"},"content":{"rendered":"<div data-elementor-type=\"wp-page\" data-elementor-id=\"777\" class=\"elementor elementor-777\" data-elementor-post-type=\"page\">\n\t\t\t\t<div class=\"elementor-element elementor-element-34eb51a4 e-flex e-con-boxed e-con e-parent\" data-id=\"34eb51a4\" data-element_type=\"container\">\n\t\t\t\t\t<div class=\"e-con-inner\">\n\t\t<div class=\"elementor-element elementor-element-48e8c5ca e-con-full e-flex e-con e-child\" data-id=\"48e8c5ca\" data-element_type=\"container\" data-settings=\"{&quot;background_background&quot;:&quot;classic&quot;}\">\n\t\t\t\t<div class=\"elementor-element elementor-element-594cefb2 elementor-widget elementor-widget-heading\" data-id=\"594cefb2\" data-element_type=\"widget\" data-widget_type=\"heading.default\">\n\t\t\t\t<div class=\"elementor-widget-container\">\n\t\t\t\t\t<h2 class=\"elementor-heading-title elementor-size-default\">Leitfaden vom Wohnungsmanager<\/h2>\t\t\t\t<\/div>\n\t\t\t\t<\/div>\n\t\t\t\t<div class=\"elementor-element elementor-element-21c94889 elementor-widget__width-inherit elementor-widget elementor-widget-text-editor\" data-id=\"21c94889\" data-element_type=\"widget\" data-widget_type=\"text-editor.default\">\n\t\t\t\t<div class=\"elementor-widget-container\">\n\t\t\t\t\t\t\t\t\t<p><span style=\"white-space-collapse: preserve;\">Ein kostenloser Leitfaden zu allen steuerlichen und administrativen Anforderungen f\u00fcr die legale Vermietung einer Immobilie \u00fcber Airbnb und Booking.com sowie zu allem Wichtigen f\u00fcr die Registrierung auf den Plattformen.<\/span><\/p>\t\t\t\t\t\t\t\t<\/div>\n\t\t\t\t<\/div>\n\t\t\t\t<div class=\"elementor-element elementor-element-3291e0e elementor-widget elementor-widget-button\" data-id=\"3291e0e\" data-element_type=\"widget\" data-widget_type=\"button.default\">\n\t\t\t\t<div class=\"elementor-widget-container\">\n\t\t\t\t\t\t\t\t\t<div class=\"elementor-button-wrapper\">\n\t\t\t\t\t<a class=\"elementor-button elementor-button-link elementor-size-sm\" href=\"https:\/\/flatmanager.bg\/wp-content\/uploads\/2022\/09\/Flat-Manager-guide-for-Airbnb-regulations-2.pdf\">\n\t\t\t\t\t\t<span class=\"elementor-button-content-wrapper\">\n\t\t\t\t\t\t\t\t\t<span class=\"elementor-button-text\">Laden Sie das Handbuch herunter<\/span>\n\t\t\t\t\t<\/span>\n\t\t\t\t\t<\/a>\n\t\t\t\t<\/div>\n\t\t\t\t\t\t\t\t<\/div>\n\t\t\t\t<\/div>\n\t\t\t\t<\/div>\n\t\t<div class=\"elementor-element elementor-element-6fd69d49 e-con-full e-flex e-con e-child\" data-id=\"6fd69d49\" data-element_type=\"container\" data-settings=\"{&quot;background_background&quot;:&quot;classic&quot;}\">\n\t\t\t\t<\/div>\n\t\t\t\t\t<\/div>\n\t\t\t\t<\/div>\n\t\t<div class=\"elementor-element elementor-element-094ae27 e-flex e-con-boxed e-con e-parent\" data-id=\"094ae27\" data-element_type=\"container\" data-settings=\"{&quot;background_background&quot;:&quot;classic&quot;}\">\n\t\t\t\t\t<div class=\"e-con-inner\">\n\t\t\t\t<div class=\"elementor-element elementor-element-32ec1a2 elementor-widget__width-initial elementor-widget elementor-widget-text-editor\" data-id=\"32ec1a2\" data-element_type=\"widget\" data-widget_type=\"text-editor.default\">\n\t\t\t\t<div class=\"elementor-widget-container\">\n\t\t\t\t\t\t\t\t\t<h3>Kurtaxe f\u00fcr Beherbergungsbetriebe der Klasse B (G\u00e4steappartements) 2025.<\/h3>\n<div id=\"div_block-363-53\" class=\"ct-div-block oxel_horizontal_divider\">\n<div id=\"code_block-364-53\" class=\"ct-code-block oxel_horizontal_divider__line\">&nbsp;<\/div>\n<div id=\"code_block-365-53\" class=\"ct-code-block oxel_horizontal_divider__line\">&nbsp;<\/div>\n<\/div>\n<div id=\"_rich_text-5-777\" class=\"oxy-rich-text\">\n<table class=\"_1zeqi\" width=\"402\">\n<tbody class=\"_2iicR viJcs\">\n<tr class=\"_3rsh9\">\n<td class=\"_3e5Cs\">\n<div class=\"_3vJIF\">\n<div class=\"_3aPJI\"><strong>Bansko<\/strong><\/div>\n<\/div>\n<\/td>\n<td class=\"_3e5Cs\">\n<div class=\"_3vJIF\">\n<div class=\"_3aPJI\">1,20 BGN<\/div>\n<\/div>\n<\/td>\n<\/tr>\n<tr class=\"_3rsh9\">\n<td class=\"_3e5Cs\">\n<div class=\"_3vJIF\">\n<div class=\"_3aPJI\"><strong>Burgas<\/strong><\/div>\n<\/div>\n<\/td>\n<td class=\"_3e5Cs\">\n<div class=\"_3vJIF\">\n<div class=\"_3aPJI\">1 lv.<\/div>\n<\/div>\n<\/td>\n<\/tr>\n<tr class=\"_3rsh9\">\n<td class=\"_3e5Cs\">\n<div class=\"_3vJIF\">\n<div class=\"_3aPJI\"><strong>Varna<\/strong><\/div>\n<\/div>\n<\/td>\n<td class=\"_3e5Cs\">\n<div class=\"_3vJIF\">\n<div class=\"_3aPJI\">0,50 BGN<\/div>\n<\/div>\n<\/td>\n<\/tr>\n<tr class=\"_3rsh9\">\n<td class=\"_3e5Cs\">\n<div class=\"_3vJIF\">\n<div class=\"_3aPJI\"><strong>Kiten<\/strong><\/div>\n<\/div>\n<\/td>\n<td class=\"_3e5Cs\">\n<div class=\"_3vJIF\">\n<div class=\"_3aPJI\">1 lv.<\/div>\n<\/div>\n<\/td>\n<\/tr>\n<tr class=\"_3rsh9\">\n<td class=\"_3e5Cs\">\n<div class=\"_3vJIF\">\n<div class=\"_3aPJI\"><strong>Nessebar<\/strong><\/div>\n<\/div>\n<\/td>\n<td class=\"_3e5Cs\">\n<div class=\"_3vJIF\">\n<div class=\"_3aPJI\">0,65 BGN&nbsp;<\/div>\n<\/div>\n<\/td>\n<\/tr>\n<tr class=\"_3rsh9\">\n<td class=\"_3e5Cs\">\n<div class=\"_3vJIF\">\n<div class=\"_3aPJI\"><strong>\u00dcberblick<\/strong><\/div>\n<\/div>\n<\/td>\n<td class=\"_3e5Cs\">\n<div class=\"_3vJIF\">\n<div class=\"_3aPJI\">0,45 BGN&nbsp;<\/div>\n<\/div>\n<\/td>\n<\/tr>\n<tr class=\"_3rsh9\">\n<td class=\"_3e5Cs\">\n<div class=\"_3vJIF\">\n<div class=\"_3aPJI\"><strong>Pamporovo<\/strong><\/div>\n<\/div>\n<\/td>\n<td class=\"_3e5Cs\">\n<div class=\"_3vJIF\">\n<div class=\"_3aPJI\">1,20 BGN&nbsp;<\/div>\n<\/div>\n<\/td>\n<\/tr>\n<tr class=\"_3rsh9\">\n<td class=\"_3e5Cs\">\n<div class=\"_3vJIF\">\n<div class=\"_3aPJI\"><strong>Plovdiv<\/strong><\/div>\n<\/div>\n<\/td>\n<td class=\"_3e5Cs\">\n<div class=\"_3vJIF\">\n<div class=\"_3aPJI\">0,40 BGN&nbsp;<\/div>\n<\/div>\n<\/td>\n<\/tr>\n<tr class=\"_3rsh9\">\n<td class=\"_3e5Cs\">\n<div class=\"_3vJIF\">\n<div class=\"_3aPJI\"><strong>Pomorie<\/strong><\/div>\n<\/div>\n<\/td>\n<td class=\"_3e5Cs\">\n<div class=\"_3vJIF\">\n<div class=\"_3aPJI\">0,30 lv<\/div>\n<\/div>\n<\/td>\n<\/tr>\n<tr class=\"_3rsh9\">\n<td class=\"_3e5Cs\">\n<div class=\"_3vJIF\">\n<div class=\"_3aPJI\"><strong>Primorsko<\/strong><\/div>\n<\/div>\n<\/td>\n<td class=\"_3e5Cs\">\n<div class=\"_3vJIF\">\n<div class=\"_3aPJI\">1 lv.<\/div>\n<\/div>\n<\/td>\n<\/tr>\n<tr class=\"_3rsh9\">\n<td class=\"_3e5Cs\">\n<div class=\"_3vJIF\">\n<div class=\"_3aPJI\"><strong>Ravda<\/strong><\/div>\n<\/div>\n<\/td>\n<td class=\"_3e5Cs\">\n<div class=\"_3vJIF\">\n<div class=\"_3aPJI\">0,45 BGN&nbsp;<\/div>\n<\/div>\n<\/td>\n<\/tr>\n<tr class=\"_3rsh9\">\n<td class=\"_3e5Cs\">\n<div class=\"_3vJIF\">\n<div class=\"_3aPJI\"><strong>St. Vlas<\/strong><\/div>\n<\/div>\n<\/td>\n<td class=\"_3e5Cs\">\n<div class=\"_3vJIF\">\n<div class=\"_3aPJI\">0,45 BGN&nbsp;<\/div>\n<\/div>\n<\/td>\n<\/tr>\n<tr class=\"_3rsh9\">\n<td class=\"_3e5Cs\">\n<div class=\"_3vJIF\">\n<div class=\"_3aPJI\"><strong>Sunny Beach<\/strong><\/div>\n<\/div>\n<\/td>\n<td class=\"_3e5Cs\">\n<div class=\"_3vJIF\">\n<div class=\"_3aPJI\">0,45 BGN&nbsp;<\/div>\n<\/div>\n<\/td>\n<\/tr>\n<tr class=\"_3rsh9\">\n<td class=\"_3e5Cs\">\n<div class=\"_3vJIF\">\n<div class=\"_3aPJI\"><strong>Sozopol<\/strong><\/div>\n<\/div>\n<\/td>\n<td class=\"_3e5Cs\">\n<div class=\"_3vJIF\">\n<div class=\"_3aPJI\">0,80 BGN<\/div>\n<\/div>\n<\/td>\n<\/tr>\n<tr class=\"_3rsh9\">\n<td class=\"_3e5Cs\">\n<div class=\"_3vJIF\">\n<div class=\"_3aPJI\"><strong>Sofia<\/strong><\/div>\n<\/div>\n<\/td>\n<td class=\"_3e5Cs\">\n<div class=\"_3vJIF\">\n<div class=\"_3aPJI\">\n<div class=\"_3vJIF\">\n<div class=\"_3aPJI\">1 lv.<\/div>\n<\/div>\n<\/div>\n<\/div>\n<\/td>\n<\/tr>\n<tr class=\"_3rsh9\">\n<td class=\"_3e5Cs\">\n<div class=\"_3vJIF\">\n<div class=\"_3aPJI\"><strong>Zarewo<\/strong><\/div>\n<\/div>\n<\/td>\n<td class=\"_3e5Cs\">\n<div class=\"_3vJIF\">\n<div class=\"_3aPJI\">0,50 BGN<\/div>\n<\/div>\n<\/td>\n<\/tr>\n<\/tbody>\n<\/table>\n<\/div>\n<div id=\"_rich_text-19-777\" class=\"oxy-rich-text\">&nbsp;<\/div>\t\t\t\t\t\t\t\t<\/div>\n\t\t\t\t<\/div>\n\t\t\t\t<div class=\"elementor-element elementor-element-c00939f elementor-widget__width-initial elementor-widget elementor-widget-text-editor\" data-id=\"c00939f\" data-element_type=\"widget\" data-widget_type=\"text-editor.default\">\n\t\t\t\t<div class=\"elementor-widget-container\">\n\t\t\t\t\t\t\t\t\t<h3>Patentsteuer f\u00fcr Beherbergungspl\u00e4tze der Klasse B G\u00e4steappartements 2025.<\/h3><div><div>\u00a0<\/div><div>\u00a0<\/div><\/div><div><table width=\"388\"><tbody><tr><td><div><div><strong>Bansko Zone 1<\/strong><\/div><\/div><\/td><td><div><div>150 BGN<\/div><\/div><\/td><\/tr><tr><td><div><div><strong>Bansko Zone 2<\/strong><\/div><\/div><\/td><td><div><div>100 BGN<\/div><\/div><\/td><\/tr><tr><td><div><div><strong>Bansko Zone 3<\/strong><\/div><\/div><\/td><td><div><div>25 lv.<\/div><\/div><\/td><\/tr><tr><td><div><div><strong>Burgas<\/strong><\/div><\/div><\/td><td><div><div>50 lv.<\/div><\/div><\/td><\/tr><tr><td><div><div><strong>Varna Zone 1<\/strong><\/div><\/div><\/td><td><div><div>250 BGN<\/div><\/div><\/td><\/tr><tr><td><div><div><strong>Varna Zone 2<\/strong><\/div><\/div><\/td><td><div><div>150 BGN<\/div><\/div><\/td><\/tr><tr><td><div><div><strong>Varna Zone 3<\/strong><\/div><\/div><\/td><td><div><div>25 lv.<\/div><\/div><\/td><\/tr><tr><td><div><div><strong>Kiten<\/strong><\/div><\/div><\/td><td><div><div>110 lv.<\/div><\/div><\/td><\/tr><tr><td><div><div><strong>Nessebar<\/strong><\/div><\/div><\/td><td><div><div>100 BGN<\/div><\/div><\/td><\/tr><tr><td><div><div><strong>\u00dcberblick<\/strong><\/div><\/div><\/td><td><div><div>70 lv.<\/div><\/div><\/td><\/tr><tr><td><div><div><strong>Pamporovo<\/strong><\/div><\/div><\/td><td><div><div>250 BGN<\/div><\/div><\/td><\/tr><tr><td><div><div><strong>Plovdiv<\/strong><\/div><\/div><\/td><td><div><div>250 BGN<\/div><\/div><\/td><\/tr><tr><td><div><div><strong>Primorsko<\/strong><\/div><\/div><\/td><td><div><div>110 lv.<\/div><\/div><\/td><\/tr><tr><td><div><div><strong>Ravda<\/strong><\/div><\/div><\/td><td><div><div>70 lv.<\/div><\/div><\/td><\/tr><tr><td><div><div><strong>St. Vlas<\/strong><\/div><\/div><\/td><td><div><div>70 lv.<\/div><\/div><\/td><\/tr><tr><td><div><div><strong>Sunny Beach<\/strong><\/div><\/div><\/td><td><div><div>100 BGN<\/div><\/div><\/td><\/tr><tr><td><div><div><strong>Sozopol<\/strong><\/div><\/div><\/td><td><div><div>70 lv.<\/div><\/div><\/td><\/tr><tr><td><div><div><strong>Sofia<\/strong><\/div><\/div><\/td><td><div><div>250 BGN<\/div><\/div><\/td><\/tr><tr><td><div><div><strong>Tsarevo Zone 1<\/strong><\/div><\/div><\/td><td><div><div>75 lv.<\/div><\/div><\/td><\/tr><tr><td><div><div><strong>Tsarevo Zone 2<\/strong><\/div><\/div><\/td><td><div><div>25 lv.<\/div><\/div><\/td><\/tr><\/tbody><\/table><\/div>\t\t\t\t\t\t\t\t<\/div>\n\t\t\t\t<\/div>\n\t\t\t\t\t<\/div>\n\t\t\t\t<\/div>\n\t\t<div class=\"elementor-element elementor-element-436c170b e-flex e-con-boxed e-con e-parent\" data-id=\"436c170b\" data-element_type=\"container\">\n\t\t\t\t\t<div class=\"e-con-inner\">\n\t\t<div class=\"elementor-element elementor-element-7b066427 e-con-full e-flex e-con e-child\" data-id=\"7b066427\" data-element_type=\"container\" data-settings=\"{&quot;background_background&quot;:&quot;classic&quot;}\">\n\t\t\t\t<div class=\"elementor-element elementor-element-f41ad76 elementor-widget elementor-widget-heading\" data-id=\"f41ad76\" data-element_type=\"widget\" data-widget_type=\"heading.default\">\n\t\t\t\t<div class=\"elementor-widget-container\">\n\t\t\t\t\t<h2 class=\"elementor-heading-title elementor-size-default\">Verdiene mehr. <br>\nM\u00fchelos<\/h2>\t\t\t\t<\/div>\n\t\t\t\t<\/div>\n\t\t\t\t<div class=\"elementor-element elementor-element-3e258a1 elementor-widget__width-inherit elementor-widget elementor-widget-text-editor\" data-id=\"3e258a1\" data-element_type=\"widget\" data-widget_type=\"text-editor.default\">\n\t\t\t\t<div class=\"elementor-widget-container\">\n\t\t\t\t\t\t\t\t\t<p>Sie m\u00f6chten eine Immobilie kurzfristig \u00fcber Plattformen wie Airbnb oder Booking.com vermieten? Unser Leitfaden hilft Ihnen, die wichtigen Schritte und Pflichten in Bezug auf Registrierung, Steuern und Versicherung zu verstehen.<\/p>\t\t\t\t\t\t\t\t<\/div>\n\t\t\t\t<\/div>\n\t\t\t\t<div class=\"elementor-element elementor-element-5e6646f5 elementor-widget elementor-widget-button\" data-id=\"5e6646f5\" data-element_type=\"widget\" data-widget_type=\"button.default\">\n\t\t\t\t<div class=\"elementor-widget-container\">\n\t\t\t\t\t\t\t\t\t<div class=\"elementor-button-wrapper\">\n\t\t\t\t\t<a class=\"elementor-button elementor-button-link elementor-size-sm\" href=\"#elementor-action%3Aaction%3Dpopup%3Aopen%26settings%3DeyJpZCI6IjE5ODYiLCJ0b2dnbGUiOmZhbHNlfQ%3D%3D\">\n\t\t\t\t\t\t<span class=\"elementor-button-content-wrapper\">\n\t\t\t\t\t\t\t\t\t<span class=\"elementor-button-text\">Mehr erfahren &gt;<\/span>\n\t\t\t\t\t<\/span>\n\t\t\t\t\t<\/a>\n\t\t\t\t<\/div>\n\t\t\t\t\t\t\t\t<\/div>\n\t\t\t\t<\/div>\n\t\t\t\t<\/div>\n\t\t<div class=\"elementor-element elementor-element-2bdbfdbb e-con-full e-flex e-con e-child\" data-id=\"2bdbfdbb\" data-element_type=\"container\" data-settings=\"{&quot;background_background&quot;:&quot;classic&quot;}\">\n\t\t<div class=\"elementor-element elementor-element-22ca74d8 e-con-full e-flex e-con e-child\" data-id=\"22ca74d8\" data-element_type=\"container\">\n\t\t<div class=\"elementor-element elementor-element-2c7b7bf6 e-con-full e-flex e-con e-child\" data-id=\"2c7b7bf6\" data-element_type=\"container\">\n\t\t\t\t<div class=\"elementor-element elementor-element-691cbdba elementor-widget elementor-widget-heading\" data-id=\"691cbdba\" data-element_type=\"widget\" data-widget_type=\"heading.default\">\n\t\t\t\t<div class=\"elementor-widget-container\">\n\t\t\t\t\t<h5 class=\"elementor-heading-title elementor-size-default\">Kurzzeitmiete (1-30 Tage)<\/h5>\t\t\t\t<\/div>\n\t\t\t\t<\/div>\n\t\t\t\t<div class=\"elementor-element elementor-element-718ebb5 elementor-widget-divider--view-line elementor-widget elementor-widget-divider\" data-id=\"718ebb5\" data-element_type=\"widget\" data-widget_type=\"divider.default\">\n\t\t\t\t<div class=\"elementor-widget-container\">\n\t\t\t\t\t\t\t<div class=\"elementor-divider\">\n\t\t\t<span class=\"elementor-divider-separator\">\n\t\t\t\t\t\t<\/span>\n\t\t<\/div>\n\t\t\t\t\t\t<\/div>\n\t\t\t\t<\/div>\n\t\t\t\t<div class=\"elementor-element elementor-element-22fdf7ca elementor-widget elementor-widget-text-editor\" data-id=\"22fdf7ca\" data-element_type=\"widget\" data-widget_type=\"text-editor.default\">\n\t\t\t\t<div class=\"elementor-widget-container\">\n\t\t\t\t\t\t\t\t\tAuf diese Weise k\u00f6nnen Sie Ihre Immobilie nutzen, wann immer Sie wollen, und gleichzeitig zus\u00e4tzliche Einnahmen durch die kurzfristige Vermietung erzielen.\t\t\t\t\t\t\t\t<\/div>\n\t\t\t\t<\/div>\n\t\t\t\t<\/div>\n\t\t<a class=\"elementor-element elementor-element-55d960dc e-flex e-con-boxed e-con e-child\" data-id=\"55d960dc\" data-element_type=\"container\" data-settings=\"{&quot;background_background&quot;:&quot;classic&quot;}\">\n\t\t\t\t\t<div class=\"e-con-inner\">\n\t\t\t\t<div class=\"elementor-element elementor-element-5a0e96c elementor-widget elementor-widget-text-editor\" data-id=\"5a0e96c\" data-element_type=\"widget\" data-widget_type=\"text-editor.default\">\n\t\t\t\t<div class=\"elementor-widget-container\">\n\t\t\t\t\t\t\t\t\t<p>18%<\/p>\t\t\t\t\t\t\t\t<\/div>\n\t\t\t\t<\/div>\n\t\t\t\t<div class=\"elementor-element elementor-element-7dafb01e elementor-widget elementor-widget-text-editor\" data-id=\"7dafb01e\" data-element_type=\"widget\" data-widget_type=\"text-editor.default\">\n\t\t\t\t<div class=\"elementor-widget-container\">\n\t\t\t\t\t\t\t\t\t<p>Kommission<\/p>\t\t\t\t\t\t\t\t<\/div>\n\t\t\t\t<\/div>\n\t\t\t\t\t<\/div>\n\t\t\t\t<\/a>\n\t\t\t\t<\/div>\n\t\t<div class=\"elementor-element elementor-element-3acfbea5 e-con-full e-flex e-con e-child\" data-id=\"3acfbea5\" data-element_type=\"container\">\n\t\t<div class=\"elementor-element elementor-element-2023d7e7 e-con-full e-flex e-con e-child\" data-id=\"2023d7e7\" data-element_type=\"container\">\n\t\t\t\t<div class=\"elementor-element elementor-element-5783759c elementor-widget elementor-widget-heading\" data-id=\"5783759c\" data-element_type=\"widget\" data-widget_type=\"heading.default\">\n\t\t\t\t<div class=\"elementor-widget-container\">\n\t\t\t\t\t<h5 class=\"elementor-heading-title elementor-size-default\">Kurzzeitmiete (1-30 Tage)<\/h5>\t\t\t\t<\/div>\n\t\t\t\t<\/div>\n\t\t\t\t<div class=\"elementor-element elementor-element-2b050174 elementor-widget-divider--view-line elementor-widget elementor-widget-divider\" data-id=\"2b050174\" data-element_type=\"widget\" data-widget_type=\"divider.default\">\n\t\t\t\t<div class=\"elementor-widget-container\">\n\t\t\t\t\t\t\t<div class=\"elementor-divider\">\n\t\t\t<span class=\"elementor-divider-separator\">\n\t\t\t\t\t\t<\/span>\n\t\t<\/div>\n\t\t\t\t\t\t<\/div>\n\t\t\t\t<\/div>\n\t\t\t\t<div class=\"elementor-element elementor-element-57357ee elementor-widget elementor-widget-text-editor\" data-id=\"57357ee\" data-element_type=\"widget\" data-widget_type=\"text-editor.default\">\n\t\t\t\t<div class=\"elementor-widget-container\">\n\t\t\t\t\t\t\t\t\tAuf diese Weise k\u00f6nnen Sie Ihre Immobilie nutzen, wann immer Sie wollen, und gleichzeitig zus\u00e4tzliche Einnahmen durch die kurzfristige Vermietung erzielen.\t\t\t\t\t\t\t\t<\/div>\n\t\t\t\t<\/div>\n\t\t\t\t<\/div>\n\t\t<a class=\"elementor-element elementor-element-4eb6ad4d e-flex e-con-boxed e-con e-child\" data-id=\"4eb6ad4d\" data-element_type=\"container\" data-settings=\"{&quot;background_background&quot;:&quot;classic&quot;}\">\n\t\t\t\t\t<div class=\"e-con-inner\">\n\t\t\t\t<div class=\"elementor-element elementor-element-4f20e7cd elementor-widget elementor-widget-text-editor\" data-id=\"4f20e7cd\" data-element_type=\"widget\" data-widget_type=\"text-editor.default\">\n\t\t\t\t<div class=\"elementor-widget-container\">\n\t\t\t\t\t\t\t\t\t<p>13,5 -18%<\/p>\t\t\t\t\t\t\t\t<\/div>\n\t\t\t\t<\/div>\n\t\t\t\t<div class=\"elementor-element elementor-element-13b2ecf elementor-widget elementor-widget-text-editor\" data-id=\"13b2ecf\" data-element_type=\"widget\" data-widget_type=\"text-editor.default\">\n\t\t\t\t<div class=\"elementor-widget-container\">\n\t\t\t\t\t\t\t\t\t<p>Kommission<\/p>\t\t\t\t\t\t\t\t<\/div>\n\t\t\t\t<\/div>\n\t\t\t\t\t<\/div>\n\t\t\t\t<\/a>\n\t\t\t\t<\/div>\n\t\t<div class=\"elementor-element elementor-element-50675e7c e-con-full e-flex e-con e-child\" data-id=\"50675e7c\" data-element_type=\"container\">\n\t\t<div class=\"elementor-element elementor-element-1716497 e-con-full e-flex e-con e-child\" data-id=\"1716497\" data-element_type=\"container\">\n\t\t\t\t<div class=\"elementor-element elementor-element-739e1a44 elementor-widget elementor-widget-heading\" data-id=\"739e1a44\" data-element_type=\"widget\" data-widget_type=\"heading.default\">\n\t\t\t\t<div class=\"elementor-widget-container\">\n\t\t\t\t\t<h5 class=\"elementor-heading-title elementor-size-default\">Kurzzeitmiete (1-30 Tage)<\/h5>\t\t\t\t<\/div>\n\t\t\t\t<\/div>\n\t\t\t\t<div class=\"elementor-element elementor-element-18f45b37 elementor-widget-divider--view-line elementor-widget elementor-widget-divider\" data-id=\"18f45b37\" data-element_type=\"widget\" data-widget_type=\"divider.default\">\n\t\t\t\t<div class=\"elementor-widget-container\">\n\t\t\t\t\t\t\t<div class=\"elementor-divider\">\n\t\t\t<span class=\"elementor-divider-separator\">\n\t\t\t\t\t\t<\/span>\n\t\t<\/div>\n\t\t\t\t\t\t<\/div>\n\t\t\t\t<\/div>\n\t\t\t\t<div class=\"elementor-element elementor-element-58c8c4a5 elementor-widget elementor-widget-text-editor\" data-id=\"58c8c4a5\" data-element_type=\"widget\" data-widget_type=\"text-editor.default\">\n\t\t\t\t<div class=\"elementor-widget-container\">\n\t\t\t\t\t\t\t\t\tAuf diese Weise k\u00f6nnen Sie Ihre Immobilie nutzen, wann immer Sie wollen, und gleichzeitig zus\u00e4tzliche Einnahmen durch die kurzfristige Vermietung erzielen.\t\t\t\t\t\t\t\t<\/div>\n\t\t\t\t<\/div>\n\t\t\t\t<\/div>\n\t\t<a class=\"elementor-element elementor-element-3f5ca080 e-flex e-con-boxed e-con e-child\" data-id=\"3f5ca080\" data-element_type=\"container\" data-settings=\"{&quot;background_background&quot;:&quot;classic&quot;}\">\n\t\t\t\t\t<div class=\"e-con-inner\">\n\t\t\t\t<div class=\"elementor-element elementor-element-30289174 elementor-widget elementor-widget-text-editor\" data-id=\"30289174\" data-element_type=\"widget\" data-widget_type=\"text-editor.default\">\n\t\t\t\t<div class=\"elementor-widget-container\">\n\t\t\t\t\t\t\t\t\t<p>10%<\/p>\t\t\t\t\t\t\t\t<\/div>\n\t\t\t\t<\/div>\n\t\t\t\t<div class=\"elementor-element elementor-element-956c53f elementor-widget elementor-widget-text-editor\" data-id=\"956c53f\" data-element_type=\"widget\" data-widget_type=\"text-editor.default\">\n\t\t\t\t<div class=\"elementor-widget-container\">\n\t\t\t\t\t\t\t\t\t<p>von der monatlichen Miete<\/p>\t\t\t\t\t\t\t\t<\/div>\n\t\t\t\t<\/div>\n\t\t\t\t\t<\/div>\n\t\t\t\t<\/a>\n\t\t\t\t<\/div>\n\t\t\t\t<\/div>\n\t\t\t\t\t<\/div>\n\t\t\t\t<\/div>\n\t\t<div class=\"elementor-element elementor-element-7b80309 e-flex e-con-boxed e-con e-parent\" data-id=\"7b80309\" data-element_type=\"container\">\n\t\t\t\t\t<div class=\"e-con-inner\">\n\t\t<div class=\"elementor-element elementor-element-804e5c3 e-con-full e-flex e-con e-child\" data-id=\"804e5c3\" data-element_type=\"container\" data-settings=\"{&quot;background_background&quot;:&quot;classic&quot;}\">\n\t\t\t\t<div class=\"elementor-element elementor-element-e05dd83 elementor-widget elementor-widget-heading\" data-id=\"e05dd83\" data-element_type=\"widget\" data-widget_type=\"heading.default\">\n\t\t\t\t<div class=\"elementor-widget-container\">\n\t\t\t\t\t<h2 class=\"elementor-heading-title elementor-size-default\">Sind Sie bereit f\u00fcr den Start? <\/h2>\t\t\t\t<\/div>\n\t\t\t\t<\/div>\n\t\t\t\t<div class=\"elementor-element elementor-element-e850d71 elementor-widget__width-inherit elementor-widget elementor-widget-text-editor\" data-id=\"e850d71\" data-element_type=\"widget\" data-widget_type=\"text-editor.default\">\n\t\t\t\t<div class=\"elementor-widget-container\">\n\t\t\t\t\t\t\t\t\t<p>Alle Details finden Sie in unserem Leitfaden. Auf unser Team k\u00f6nnen Sie sich jederzeit verlassen. Wir k\u00fcmmern uns um die gesamte Registrierung, Steuern und Versicherung, damit Ihre Immobilie absolut legal ist und Ihnen ein passives monatliches Einkommen sichert.<\/p>\t\t\t\t\t\t\t\t<\/div>\n\t\t\t\t<\/div>\n\t\t\t\t<div class=\"elementor-element elementor-element-ac937d4 elementor-widget elementor-widget-button\" data-id=\"ac937d4\" data-element_type=\"widget\" data-widget_type=\"button.default\">\n\t\t\t\t<div class=\"elementor-widget-container\">\n\t\t\t\t\t\t\t\t\t<div class=\"elementor-button-wrapper\">\n\t\t\t\t\t<a class=\"elementor-button elementor-button-link elementor-size-sm\" href=\"https:\/\/flatmanager.bg\/wp-content\/uploads\/2022\/09\/Flat-Manager-guide-for-Airbnb-regulations-2.pdf\">\n\t\t\t\t\t\t<span class=\"elementor-button-content-wrapper\">\n\t\t\t\t\t\t\t\t\t<span class=\"elementor-button-text\">Laden Sie das Handbuch herunter<\/span>\n\t\t\t\t\t<\/span>\n\t\t\t\t\t<\/a>\n\t\t\t\t<\/div>\n\t\t\t\t\t\t\t\t<\/div>\n\t\t\t\t<\/div>\n\t\t\t\t<\/div>\n\t\t<div class=\"elementor-element elementor-element-4c6eb61 e-con-full e-flex e-con e-child\" data-id=\"4c6eb61\" data-element_type=\"container\" data-settings=\"{&quot;background_background&quot;:&quot;classic&quot;}\">\n\t\t\t\t<\/div>\n\t\t\t\t\t<\/div>\n\t\t\t\t<\/div>\n\t\t\t\t<\/div>","protected":false},"excerpt":{"rendered":"<p>\u0420\u044a\u043a\u043e\u0432\u043e\u0434\u0441\u0442\u0432\u043e \u043e\u0442 Flat Manager \u0411\u0435\u0437\u043f\u043b\u0430\u0442\u043d\u043e \u0440\u044a\u043a\u043e\u0432\u043e\u0434\u0441\u0442\u0432\u043e \u0437\u0430 \u0432\u0441\u0438\u0447\u043a\u0438 \u0434\u0430\u043d\u044a\u0447\u043d\u0438 \u0438 \u0430\u0434\u043c\u0438\u043d\u0438\u0441\u0442\u0440\u0430\u0442\u0438\u0432\u043d\u0438 \u0438\u0437\u0438\u0441\u043a\u0432\u0430\u043d\u0438\u044f \u0437\u0430 \u0437\u0430\u043a\u043e\u043d\u043d\u043e \u043e\u0442\u0434\u0430\u0432\u0430\u043d\u0435 \u043d\u0430 \u0438\u043c\u043e\u0442 \u043f\u0440\u0435\u0437 Airbnb \u0438 Booking.com \u0438 \u0432\u0441\u0438\u0447\u043a\u043e \u043d\u0430\u0439-\u0432\u0430\u0436\u043d\u043e \u0437\u0430 \u0440\u0435\u0433\u0438\u0441\u0442\u0440\u0430\u0446\u0438\u044f \u0432 \u043f\u043b\u0430\u0442\u0444\u043e\u0440\u043c\u0438\u0442\u0435. \u0421\u0432\u0430\u043b\u0438 \u0440\u044a\u043a\u043e\u0432\u043e\u0434\u0441\u0442\u0432\u043e\u0442\u043e \u0422\u0443\u0440\u0438\u0441\u0442\u0438\u0447\u0435\u0441\u043a\u0438 \u0434\u0430\u043d\u044a\u043a \u0437\u0430 \u043c\u0435\u0441\u0442\u0430 \u0437\u0430 \u043d\u0430\u0441\u0442\u0430\u043d\u044f\u0432\u0430\u043d\u0435 \u043a\u043b\u0430\u0441 \u0412 \u0430\u043f\u0430\u0440\u0442\u0430\u043c\u0435\u043d\u0442\u0438 \u0437\u0430 \u0433\u043e\u0441\u0442\u0438 2025\u0433. &nbsp; &nbsp; \u0411\u0430\u043d\u0441\u043ao 1,20 \u043b\u0432 \u0411\u0443\u0440\u0433\u0430\u0441 1 \u043b\u0432 \u0412\u0430\u0440\u043d\u0430 0,50 \u043b\u0432 \u041a\u0438\u0442\u0435\u043d 1 [&hellip;]<\/p>\n","protected":false},"author":1,"featured_media":0,"parent":0,"menu_order":0,"comment_status":"closed","ping_status":"closed","template":"","meta":{"_acf_changed":false,"content-type":"","footnotes":""},"class_list":["post-777","page","type-page","status-publish","hentry"],"acf":[],"_links":{"self":[{"href":"https:\/\/flatmanager.bg\/de\/wp-json\/wp\/v2\/pages\/777","targetHints":{"allow":["GET"]}}],"collection":[{"href":"https:\/\/flatmanager.bg\/de\/wp-json\/wp\/v2\/pages"}],"about":[{"href":"https:\/\/flatmanager.bg\/de\/wp-json\/wp\/v2\/types\/page"}],"author":[{"embeddable":true,"href":"https:\/\/flatmanager.bg\/de\/wp-json\/wp\/v2\/users\/1"}],"replies":[{"embeddable":true,"href":"https:\/\/flatmanager.bg\/de\/wp-json\/wp\/v2\/comments?post=777"}],"version-history":[{"count":24,"href":"https:\/\/flatmanager.bg\/de\/wp-json\/wp\/v2\/pages\/777\/revisions"}],"predecessor-version":[{"id":3030,"href":"https:\/\/flatmanager.bg\/de\/wp-json\/wp\/v2\/pages\/777\/revisions\/3030"}],"wp:attachment":[{"href":"https:\/\/flatmanager.bg\/de\/wp-json\/wp\/v2\/media?parent=777"}],"curies":[{"name":"wp","href":"https:\/\/api.w.org\/{rel}","templated":true}]}}