{"id":672,"date":"2022-08-26T13:32:46","date_gmt":"2022-08-26T13:32:46","guid":{"rendered":"http:\/\/34.118.89.231\/?page_id=672"},"modified":"2022-08-29T12:31:26","modified_gmt":"2022-08-29T12:31:26","slug":"privacy-policy","status":"publish","type":"page","link":"https:\/\/flatmanager.bg\/de\/privacy-policy\/","title":{"rendered":"\u041f\u041e\u041b\u0418\u0422\u0418\u041a\u0410 \u0417\u0410 \u0417\u0410\u0429\u0418\u0422\u0410 \u041d\u0410 \u041b\u0418\u0427\u041d\u0418 \u0414\u0410\u041d\u041d\u0418"},"content":{"rendered":"<p><strong>Informationen zum Verantwortlichen f\u00fcr die Verarbeitung personenbezogener Daten:<\/strong><\/p>\n\n\n\n<p>\u200b<\/p>\n\n\n\n<p>Bei der Nutzung einer Website&nbsp;<a href=\"http:\/\/www.flatmanger.bg\/\" target=\"_blank\" rel=\"noreferrer noopener nofollow\">www.flatmanager.bg<\/a>&nbsp;Ihre personenbezogenen Daten werden von der \u201eFlat Manager\u201c Ltd. verarbeitet \u2013 einem im Handelsregister der Registeragentur unter der UIC 202684022 eingetragenen Unternehmen mit Sitz und Gesch\u00e4ftsadresse: Sofia, Eurotour Business Center, Mihail-Tenev-Stra\u00dfe 12, 1. Stock, B\u00fcro 2, E-Mail: [E-Mail-Adresse einf\u00fcgen].&nbsp;<a href=\"mailto:support@flatmanager.bg\">support@flatmanager.bg<\/a>, Telefon 0875 333 000<\/p>\n\n\n\n<p>\u200b<\/p>\n\n\n\n<p><strong>Wir verarbeiten Ihre personenbezogenen Daten auf folgenden Grundlagen:<\/strong><\/p>\n\n\n\n<ul class=\"wp-block-list\"><li>Bereitstellung von Informationen im Rahmen vorvertraglicher Beziehungen oder bekundeten Interesses an den Dienstleistungen des Unternehmens;<\/li><li>Im Falle einer gesetzlichen Verpflichtung<\/li><li>Ihre ausdr\u00fcckliche Einwilligung \u2013 der Zweck wird f\u00fcr jeden Einzelfall angegeben;<\/li><\/ul>\n\n\n\n<p>\u200b<\/p>\n\n\n\n<p>In den folgenden Abschnitten finden Sie Informationen \u00fcber die Verarbeitung Ihrer personenbezogenen Daten, abh\u00e4ngig von der Rechtsgrundlage, auf der wir diese verarbeiten.<\/p>\n\n\n\n<p>\u200b<\/p>\n\n\n\n<p><strong>Zur Bereitstellung von Informationen im Rahmen vorvertraglicher Beziehungen<\/strong>&nbsp;<strong>oder Interesse an den Dienstleistungen des Unternehmens bekundet haben;<\/strong><\/p>\n\n\n\n<p>Zwecke der Verarbeitung:<\/p>\n\n\n\n<ul class=\"wp-block-list\"><li>Feststellung Ihrer Identit\u00e4t;<\/li><li>Verarbeitung von Informationen \u00fcber Immobilien, die sich in Ihrem Besitz befinden;<\/li><li>Erstellung und Versand einer Rentabilit\u00e4tsanalyse Ihrer Immobilie;<\/li><li>Aufbewahrung der Korrespondenz im Zusammenhang mit Anfragen und Bitten;<\/li><li>\u00dcbermittlung von Neuigkeiten, Informationen \u00fcber Aktionsbedingungen, neue Dienstleistungen und Sonstiges;&nbsp;<\/li><\/ul>\n\n\n\n<p>Arten von Informationen, die wir sammeln:<\/p>\n\n\n\n<ul class=\"wp-block-list\"><li>Pers\u00f6nliche Kontaktdaten \u2013 Kontaktadresse, E-Mail-Adresse, Telefonnummer;<\/li><li>Identifikationsdaten \u2013 vollst\u00e4ndiger Name;<\/li><li>Daten \u00fcber Immobilien, die sich in Ihrem Besitz befinden; &nbsp;<\/li><\/ul>\n\n\n\n<p>Die Verarbeitung der genannten personenbezogenen Daten ist f\u00fcr uns im Rahmen unserer vorvertraglichen Beziehungen zwingend erforderlich. &nbsp;<\/p>\n\n\n\n<p>Auf dieser Grundlage geben wir Ihre personenbezogenen Daten nicht an Dritte weiter.<\/p>\n\n\n\n<p>\u200b<\/p>\n\n\n\n<p>Die auf dieser Grundlage erhobenen Daten werden 5 Jahre nach Beendigung unserer vorvertraglichen und\/oder vertraglichen Beziehungen gel\u00f6scht.<\/p>\n\n\n\n<p>\u200b<\/p>\n\n\n\n<p><strong>Zur Erf\u00fcllung regulatorischer Verpflichtungen<\/strong><\/p>\n\n\n\n<p><strong>\u200b<\/strong><\/p>\n\n\n\n<p>Wir sind unter Umst\u00e4nden gesetzlich verpflichtet, Ihre personenbezogenen Daten zu verarbeiten. In diesen F\u00e4llen sind wir zur Durchf\u00fchrung der Verarbeitung verpflichtet, beispielsweise:<\/p>\n\n\n\n<p>\u200b<\/p>\n\n\n\n<ul class=\"wp-block-list\"><li>Verpflichtungen gem\u00e4\u00df dem Geldw\u00e4schegesetz;<\/li><li>Bereitstellung von Informationen an die Verbraucherschutzkommission oder Dritte gem\u00e4\u00df dem Verbraucherschutzgesetz;<\/li><li>Bereitstellung von Informationen an die Kommission f\u00fcr den Schutz personenbezogener Daten in Bezug auf die in den Datenschutzgesetzen vorgesehenen Verpflichtungen;<\/li><li>Erteilung von Ausk\u00fcnften an das Gericht und Dritte im Rahmen eines Gerichtsverfahrens gem\u00e4\u00df den Anforderungen der f\u00fcr das Verfahren geltenden Rechtsvorschriften;<\/li><\/ul>\n\n\n\n<p>Wir l\u00f6schen Daten, die aufgrund einer gesetzlichen Verpflichtung erhoben wurden, sobald diese Verpflichtung erf\u00fcllt ist oder abgelaufen ist. Beispiele hierf\u00fcr sind Verpflichtungen zur Auskunftserteilung gegen\u00fcber Gerichten, zust\u00e4ndigen staatlichen Beh\u00f6rden usw., sofern dies in den geltenden Rechtsvorschriften vorgesehen ist (Aufbewahrungsfrist: 5 Jahre).<\/p>\n\n\n\n<p>Wenn wir gesetzlich dazu verpflichtet sind, k\u00f6nnen wir Ihre personenbezogenen Daten an die zust\u00e4ndige Regierungsbeh\u00f6rde, nat\u00fcrliche Person oder juristische Person weitergeben.<\/p>\n\n\n\n<p>\u200b<\/p>\n\n\n\n<p><strong>Ihre ausdr\u00fcckliche Zustimmung<\/strong><\/p>\n\n\n\n<p><strong>\u200b<\/strong><\/p>\n\n\n\n<p>Wir verarbeiten Ihre personenbezogenen Daten auf dieser Grundlage nur nach Ihrer ausdr\u00fccklichen, unmissverst\u00e4ndlichen und freiwilligen Einwilligung. Wir erwarten keine negativen Folgen f\u00fcr Sie, wenn Sie die Verarbeitung Ihrer personenbezogenen Daten ablehnen.<\/p>\n\n\n\n<p>Die Einwilligung stellt eine separate Rechtsgrundlage f\u00fcr die Verarbeitung Ihrer personenbezogenen Daten dar. Der Zweck der Verarbeitung wird in der Einwilligungserkl\u00e4rung festgelegt und ist nicht von den in dieser Datenschutzerkl\u00e4rung aufgef\u00fchrten Zwecken abgedeckt. Solange Sie uns die entsprechende Einwilligung erteilen, erstellen wir bis zu deren Widerruf oder der Beendigung eines Vertragsverh\u00e4ltnisses mit Ihnen passende Produkt-\/Serviceangebote f\u00fcr Sie.<\/p>\n\n\n\n<p>Auf dieser Grundlage verarbeiten wir nur Daten, f\u00fcr die Sie uns Ihre ausdr\u00fcckliche Einwilligung erteilt haben. Welche Daten konkret verarbeitet werden, wird im Einzelfall festgelegt. Typischerweise umfassen diese Daten:<\/p>\n\n\n\n<p>\u200b<\/p>\n\n\n\n<ul class=\"wp-block-list\"><li>E-Mail;<\/li><li>Telefon;<\/li><li>Adresse;<\/li><li>Namen;<\/li><\/ul>\n\n\n\n<p>Auf dieser Grundlage k\u00f6nnen wir Ihre Daten an Marketingagenturen und Dritte weitergeben.<\/p>\n\n\n\n<p>Die erteilten Einwilligungen k\u00f6nnen jederzeit widerrufen werden. Wenn Sie Ihre Einwilligung zur Verarbeitung Ihrer personenbezogenen Daten in einer oder mehreren der oben beschriebenen Weisen widerrufen, werden wir Ihre personenbezogenen Daten und Informationen nicht mehr f\u00fcr die oben genannten Zwecke verwenden.<\/p>\n\n\n\n<p>Die auf dieser Grundlage erhobenen Daten werden auf Ihren Wunsch hin oder 1 Jahr nach ihrer ersten Erhebung gel\u00f6scht.<\/p>\n\n\n\n<p><strong>Verarbeitung anonymisierter Daten&nbsp;<\/strong><\/p>\n\n\n\n<p><strong>\u200b<\/strong><\/p>\n\n\n\n<p>Wir verarbeiten Ihre Daten zu statischen Zwecken, d. h. f\u00fcr Analysen, deren Ergebnisse lediglich aggregiert werden und die daher anonymisiert sind. Es ist nicht m\u00f6glich, anhand dieser Informationen eine bestimmte Person zu identifizieren.<\/p>\n\n\n\n<p>\u200b<\/p>\n\n\n\n<p><strong>Wie wir Ihre personenbezogenen Daten sch\u00fctzen<\/strong><\/p>\n\n\n\n<p>Um einen angemessenen Schutz der Daten des Unternehmens und seiner Kunden zu gew\u00e4hrleisten, setzen wir alle im Datenschutzgesetz vorgesehenen organisatorischen und technischen Ma\u00dfnahmen um. F\u00fcr maximale Sicherheit bei der Verarbeitung, \u00dcbermittlung und Speicherung Ihrer Daten k\u00f6nnen wir zus\u00e4tzliche Schutzmechanismen wie Verschl\u00fcsselung, Pseudonymisierung usw. verwenden.<\/p>\n\n\n\n<p><strong>Verbraucherrechte<\/strong><\/p>\n\n\n\n<p><strong>\u200b<\/strong><\/p>\n\n\n\n<p>Jeder Nutzer der Website genie\u00dft alle Rechte auf Schutz seiner personenbezogenen Daten gem\u00e4\u00df bulgarischer Gesetzgebung und EU-Recht.<\/p>\n\n\n\n<p>Jeder Nutzer hat das Recht auf:<\/p>\n\n\n\n<ul class=\"wp-block-list\"><li>Kenntnisnahme (in Bezug auf die Verarbeitung seiner personenbezogenen Daten durch den Verantwortlichen);<\/li><li>Zugriff auf Ihre eigenen pers\u00f6nlichen Daten;<\/li><li>Korrektur (falls die Daten ungenau sind);<\/li><li>L\u00f6schung personenbezogener Daten (Recht auf Vergessenwerden);<\/li><li>Einschr\u00e4nkung der Verarbeitung personenbezogener Daten durch den Verantwortlichen oder Auftragsverarbeiter;<\/li><li>\u00dcbertragbarkeit personenbezogener Daten zwischen einzelnen Administratoren;<\/li><li>Widerspruch gegen die Verarbeitung seiner\/ihrer personenbezogenen Daten;<\/li><li>Die betroffene Person hat ferner das Recht, nicht einer ausschlie\u00dflich auf einer automatisierten Verarbeitung \u2013 einschlie\u00dflich Profiling \u2013 beruhenden Entscheidung unterworfen zu werden, die ihr gegen\u00fcber rechtliche Wirkung entfaltet oder sie in \u00e4hnlicher Weise erheblich beeintr\u00e4chtigt;<\/li><li>Recht auf gerichtlichen oder verwaltungsrechtlichen Rechtsbehelf im Falle einer Verletzung der Rechte der betroffenen Person.<\/li><\/ul>\n\n\n\n<p>Der Nutzer kann die L\u00f6schung beantragen, wenn eine der folgenden Bedingungen erf\u00fcllt ist:<\/p>\n\n\n\n<ul class=\"wp-block-list\"><li>Die personenbezogenen Daten werden f\u00fcr die Zwecke, f\u00fcr die sie erhoben oder auf sonstige Weise verarbeitet wurden, nicht mehr ben\u00f6tigt;<\/li><li>Der Nutzer widerruft seine Einwilligung, auf der die Datenverarbeitung beruht, und es gibt keine andere Rechtsgrundlage f\u00fcr die Verarbeitung;<\/li><li>Der Datennutzer widerspricht der Verarbeitung, und es liegen keine vorrangigen Rechtsgrundlagen f\u00fcr die Verarbeitung vor.;<\/li><li>Die personenbezogenen Daten wurden unrechtm\u00e4\u00dfig verarbeitet;<\/li><li>Die personenbezogenen Daten m\u00fcssen gel\u00f6scht werden, um einer rechtlichen Verpflichtung nachzukommen, der der Verantwortliche gem\u00e4\u00df dem Recht der Union oder eines Mitgliedstaats unterliegt.;<\/li><li>Die personenbezogenen Daten wurden im Zusammenhang mit der Bereitstellung von Diensten der Informationsgesellschaft f\u00fcr Kinder erhoben, und die Einwilligung wurde von der Person mit elterlicher Verantwortung f\u00fcr das Kind erteilt.<\/li><\/ul>\n\n\n\n<p>Der Nutzer hat das Recht, die Verarbeitung seiner personenbezogenen Daten durch den Administrator einzuschr\u00e4nken, wenn:<\/p>\n\n\n\n<ul class=\"wp-block-list\"><li>Sie bestreiten die Richtigkeit der personenbezogenen Daten. In diesem Fall wird die Verarbeitung f\u00fcr einen Zeitraum eingeschr\u00e4nkt, der es dem Verantwortlichen erm\u00f6glicht, die Richtigkeit der personenbezogenen Daten zu \u00fcberpr\u00fcfen;<\/li><li>Die Verarbeitung ist unrechtm\u00e4\u00dfig, der Nutzer w\u00fcnscht jedoch nicht die L\u00f6schung der personenbezogenen Daten, sondern verlangt stattdessen eine Einschr\u00e4nkung ihrer Nutzung.;<\/li><li>Der Administrator ben\u00f6tigt die personenbezogenen Daten nicht mehr f\u00fcr die Zwecke der Verarbeitung, der Nutzer ben\u00f6tigt sie jedoch zur Geltendmachung, Aus\u00fcbung oder Verteidigung von Rechtsanspr\u00fcchen;<\/li><li>Widerspruch gegen die Verarbeitung einlegen, solange nicht gepr\u00fcft wurde, ob die berechtigten Gr\u00fcnde des Verantwortlichen die Interessen des Nutzers \u00fcberwiegen.<\/li><\/ul>\n\n\n\n<p><strong>Wie k\u00f6nnen Sie Ihre Rechte aus\u00fcben?<\/strong><\/p>\n\n\n\n<p>Um Ihre Rechte als betroffene Person auszu\u00fcben, k\u00f6nnen Sie eine E-Mail senden an&nbsp;<a href=\"mailto:office@flatmanager.bg\">office@flatmanager.bg<\/a>&nbsp;indem Sie angeben, was Ihre W\u00fcnsche sind:<\/p>\n\n\n\n<ul class=\"wp-block-list\"><li>Zugriff auf personenbezogene Daten;<\/li><li>Widerruf der Einwilligung;<\/li><li>Datenaktualisierung;<\/li><li>Datenl\u00f6schung<\/li><\/ul>\n\n\n\n<p>\u200b<\/p>\n\n\n\n<p><strong>Recht auf Portabilit\u00e4t<\/strong><\/p>\n\n\n\n<p><strong>\u200b<\/strong><\/p>\n\n\n\n<p>Die betroffene Person hat das Recht, die sie betreffenden personenbezogenen Daten, die sie einem Verantwortlichen bereitgestellt hat, in einem strukturierten, g\u00e4ngigen und maschinenlesbaren Format zu erhalten und diese Daten einem anderen Verantwortlichen ohne Behinderung durch den Verantwortlichen, dem die personenbezogenen Daten bereitgestellt wurden, zu \u00fcbermitteln, sofern die Verarbeitung auf einer Einwilligung oder einer vertraglichen Verpflichtung beruht und mithilfe automatisierter Verfahren erfolgt. Bei der Aus\u00fcbung des Rechts auf Daten\u00fcbertragbarkeit hat die betroffene Person au\u00dferdem das Recht, die direkte \u00dcbermittlung der personenbezogenen Daten von einem Verantwortlichen an einen anderen zu verlangen, soweit dies technisch machbar ist.<\/p>\n\n\n\n<p><strong>Widerspruchsrecht<\/strong><\/p>\n\n\n\n<p><strong>\u200b<\/strong><\/p>\n\n\n\n<p>Nutzer haben das Recht, der Verarbeitung ihrer personenbezogenen Daten durch den Verantwortlichen zu widersprechen. Der Verantwortliche ist verpflichtet, die Verarbeitung einzustellen, es sei denn, er kann zwingende schutzw\u00fcrdige Gr\u00fcnde f\u00fcr die Verarbeitung nachweisen, die die Interessen, Rechte und Freiheiten der betroffenen Person \u00fcberwiegen, oder die Verarbeitung dient der Geltendmachung, Aus\u00fcbung oder Verteidigung von Rechtsanspr\u00fcchen. Im Falle eines Widerspruchs gegen die Verarbeitung personenbezogener Daten f\u00fcr Direktmarketingzwecke ist die Verarbeitung unverz\u00fcglich einzustellen.<\/p>\n\n\n\n<p><strong>Beschwerde bei der Aufsichtsbeh\u00f6rde<\/strong><\/p>\n\n\n\n<p><strong>\u200b<\/strong><\/p>\n\n\n\n<p>Jeder Nutzer hat das Recht, eine Beschwerde gegen die unrechtm\u00e4\u00dfige Verarbeitung seiner personenbezogenen Daten bei der Datenschutzkommission oder beim zust\u00e4ndigen Gericht einzureichen.<\/p>\n\n\n\n<p>\u200b<\/p>\n\n\n\n<p>F\u00fcr CPDP:<\/p>\n\n\n\n<ul class=\"wp-block-list\"><li>Webseite:&nbsp;<a href=\"https:\/\/www.cpdp.bg\/\" target=\"_blank\" rel=\"noreferrer noopener nofollow\">https:\/\/www.cpdp.bg\/<\/a><\/li><li>Tel.: 02\/91-53-518<\/li><li>E-Mail:&nbsp;<a href=\"mailto:kzld@cpdp.bg\">kzld@cpdp.bg<\/a><\/li><li>Adresse: Sofia 1592, 2 Prof. Tsvetan Lazarov Blvd.<\/li><\/ul>\n\n\n\n<p>\u200b<\/p>\n\n\n\n<p><strong>Verwendung von Cookies\u201e<\/strong><\/p>\n\n\n\n<p><strong>\u200b<\/strong><\/p>\n\n\n\n<p>Wir verwenden m\u00f6glicherweise Cookies, um zu verstehen, wie Sie diese Website nutzen, und um den Datenverkehr zu Werbezwecken zu analysieren.<\/p>\n\n\n\n<p>\u200b<\/p>\n\n\n\n<p><strong>Was sind Cookies?<\/strong><\/p>\n\n\n\n<p>\u200b<\/p>\n\n\n\n<p>Cookies sind kleine Textdateien, die von Ihrem Browser im Speicher Ihres Endger\u00e4ts gespeichert werden. Sie speichern bestimmte Informationen (z. B. Ihre bevorzugte Sprache oder Website-Einstellungen), die Ihr Browser (abh\u00e4ngig von der Speicherdauer des Cookies) bei Ihrem n\u00e4chsten Besuch unserer Website an uns zur\u00fccksenden kann.<\/p>\n\n\n\n<p>\u200b<\/p>\n\n\n\n<p>Neben Cookies werden auch andere \u00e4hnliche Tracking-Technologien eingesetzt. Dazu geh\u00f6ren beispielsweise Pixel-Tags (Facebook-Pixel), die URLs verfolgen, oder Software Development Kits (SDKs). Pixel-Tags sind kleine Grafiken, oft nur ein Pixel gro\u00df, die im Rahmen einer Webseitenanfrage, einer Anwendung, einer Werbung oder im HTML-Code einer E-Mail an Ihren Computer \u00fcbermittelt werden k\u00f6nnen. Mithilfe von Pixeln lassen sich Informationen von Ihrem Ger\u00e4t abrufen, wie z. B. Ger\u00e4tetyp, Betriebssystem, IP-Adresse und die Verweildauer auf der Website oder in der Anwendung. Sie k\u00f6nnen auch Cookies in Ihrem Browser lesen und verwenden.<\/p>\n\n\n\n<p>\u200b<\/p>\n\n\n\n<p><strong>Website-Analyse mit Google Analytics<\/strong><\/p>\n\n\n\n<p><strong>\u200b<\/strong><\/p>\n\n\n\n<p>Google Analytics verwendet Technologien wie Cookies, um Ihre Nutzung der Website zu analysieren. Google analysiert Ihre Nutzung unserer Website in unserem Auftrag. Die automatisch erfassten Informationen \u00fcber Ihre Website-Nutzung werden in der Regel an einen Google-Server in den USA \u00fcbertragen, dort gespeichert und ausgewertet. Die Ergebnisse werden uns anonymisiert zur Verf\u00fcgung gestellt. Google ist zudem nach dem EU-US-Datenschutzschild zertifiziert, was ein angemessenes Datenschutzniveau bei der Datenverarbeitung durch Google in den USA gew\u00e4hrleistet. Diese Informationen dienen dazu, herauszufinden, was auf unserer Website gut funktioniert und wo Verbesserungsbedarf besteht. Zu den erfassten Daten geh\u00f6ren beispielsweise die von Ihnen aufgerufenen Webseiten, die Seiten, auf die Sie weitergeleitet wurden, die Seiten, die Sie als Ausgangspunkte genutzt und wieder geschlossen haben, die von Ihnen verwendeten Plattformen, Ihre Aktionen sowie Informationen zu Datum und Dauer Ihres Besuchs.&nbsp;<\/p>\n\n\n\n<p>\u200b<\/p>\n\n\n\n<p><strong>Wie man das Setzen von Cookies verhindert<\/strong><\/p>\n\n\n\n<p><strong>\u200b<\/strong><\/p>\n\n\n\n<p>Die Cookie-Einstellungen h\u00e4ngen vollst\u00e4ndig von Ihrem Browser ab. Wenn Sie bestimmte technische und\/oder funktionale Cookies nicht akzeptieren, k\u00f6nnen Sie m\u00f6glicherweise einige Funktionen unserer Website nicht nutzen. Weitere Informationen zu Cookies und deren Verwaltung oder L\u00f6schung finden Sie unter www.<a href=\"http:\/\/allaboutcookies.org\/\" target=\"_blank\" rel=\"noreferrer noopener nofollow\">allaboutcookies.org<\/a>&nbsp;und in der Hilfefunktion Ihres Browsers. In den Einstellungen von Browsern wie Internet Explorer, Safari, Firefox oder Chrome k\u00f6nnen Sie festlegen, welche Cookies akzeptiert und welche abgelehnt werden sollen. Wo Sie diese Einstellungen finden, h\u00e4ngt vom verwendeten Browser ab.<\/p>\n\n\n\n<p>Selbstverst\u00e4ndlich k\u00f6nnen Sie unsere Website auch ohne Cookies nutzen.<\/p>","protected":false},"excerpt":{"rendered":"<p>\u0418\u043d\u0444\u043e\u0440\u043c\u0430\u0446\u0438\u044f \u0437\u0430 \u0430\u0434\u043c\u0438\u043d\u0438\u0441\u0442\u0440\u0430\u0442\u043e\u0440\u0430 \u043d\u0430 \u043b\u0438\u0447\u043d\u0438 \u0434\u0430\u043d\u043d\u0438: \u200b \u041f\u0440\u0438 \u043f\u043e\u043b\u0437\u0432\u0430\u043d\u0435 \u043d\u0430 \u0443\u0435\u0431\u0441\u0430\u0439\u0442&nbsp;www.flatmanager.bg&nbsp;\u0412\u0430\u0448\u0438\u0442\u0435 \u043b\u0438\u0447\u043d\u0438 \u0434\u0430\u043d\u043d\u0438 \u0441\u0435 \u043e\u0431\u0440\u0430\u0431\u043e\u0442\u0432\u0430\u0442 \u043e\u0442 \u201e\u0424\u043b\u0430\u0442 \u041c\u0435\u043d\u0438\u0434\u0436\u044a\u0440\u201c \u041e\u041e\u0414 &#8211; \u0434\u0440\u0443\u0436\u0435\u0441\u0442\u0432\u043e, \u0440\u0435\u0433\u0438\u0441\u0442\u0440\u0438\u0440\u0430\u043d\u043e \u0432 \u0422\u044a\u0440\u0433\u043e\u0432\u0441\u043a\u0438\u044f \u0440\u0435\u0433\u0438\u0441\u0442\u044a\u0440 \u043d\u0430 \u0410\u0433\u0435\u043d\u0446\u0438\u044f\u0442\u0430 \u043f\u043e \u0432\u043f\u0438\u0441\u0432\u0430\u043d\u0438\u044f\u0442\u0430 \u0441 \u0415\u0418\u041a 202684022, \u0441\u044a\u0441 \u0441\u0435\u0434\u0430\u043b\u0438\u0449\u0435 \u0438 \u0430\u0434\u0440\u0435\u0441 \u043d\u0430 \u0443\u043f\u0440\u0430\u0432\u043b\u0435\u043d\u0438\u0435: \u0433\u0440. \u0421\u043e\u0444\u0438\u044f, \u0411\u0438\u0437\u043d\u0435\u0441 \u0446\u0435\u043d\u0442\u044a\u0440 \u201e\u0415\u0432\u0440\u043e\u0442\u0443\u0440\u201d, \u0443\u043b. \u201e\u041c\u0438\u0445\u0430\u0438\u043b \u0422\u0435\u043d\u0435\u0432\u201d 12, \u0435\u0442. 1, \u043e\u0444\u0438\u0441 2, \u0441 \u0435\u043b\u0435\u043a\u0442\u0440\u043e\u043d\u043d\u0430 \u043f\u043e\u0449\u0430&nbsp;support@flatmanager.bg, \u0442\u0435\u043b\u0435\u0444\u043e\u043d [&hellip;]<\/p>\n","protected":false},"author":1,"featured_media":0,"parent":0,"menu_order":0,"comment_status":"closed","ping_status":"closed","template":"","meta":{"_acf_changed":false,"content-type":"","footnotes":""},"class_list":["post-672","page","type-page","status-publish","hentry"],"acf":[],"_links":{"self":[{"href":"https:\/\/flatmanager.bg\/de\/wp-json\/wp\/v2\/pages\/672","targetHints":{"allow":["GET"]}}],"collection":[{"href":"https:\/\/flatmanager.bg\/de\/wp-json\/wp\/v2\/pages"}],"about":[{"href":"https:\/\/flatmanager.bg\/de\/wp-json\/wp\/v2\/types\/page"}],"author":[{"embeddable":true,"href":"https:\/\/flatmanager.bg\/de\/wp-json\/wp\/v2\/users\/1"}],"replies":[{"embeddable":true,"href":"https:\/\/flatmanager.bg\/de\/wp-json\/wp\/v2\/comments?post=672"}],"version-history":[{"count":0,"href":"https:\/\/flatmanager.bg\/de\/wp-json\/wp\/v2\/pages\/672\/revisions"}],"wp:attachment":[{"href":"https:\/\/flatmanager.bg\/de\/wp-json\/wp\/v2\/media?parent=672"}],"curies":[{"name":"wp","href":"https:\/\/api.w.org\/{rel}","templated":true}]}}