{"id":1618,"date":"2024-04-30T10:41:08","date_gmt":"2024-04-30T09:11:08","guid":{"rendered":"http:\/\/3.122.90.131\/?page_id=1618"},"modified":"2025-12-16T09:55:39","modified_gmt":"2025-12-16T08:25:39","slug":"%d0%bf%d1%80%d0%b0%d0%b2%d0%b8%d0%bb%d0%b0-%d0%b8-%d1%83%d1%81%d0%bb%d0%be%d0%b2%d0%b8%d1%8f-%d0%b7%d0%b0-%d1%83%d1%87%d0%b0%d1%81%d1%82%d0%b8%d0%b5-%d0%b2-%d0%b8%d0%b3%d1%80%d0%b0-%d1%81-%d0%bd%d0%b0","status":"publish","type":"page","link":"https:\/\/flatmanager.bg\/de\/rules-and-condition-for-participation-in-the-prize-game\/","title":{"rendered":"Regeln und Bedingungen f\u00fcr die Teilnahme am Gewinnspiel"},"content":{"rendered":"<p><\/p>\n\n\n\n<h2 class=\"wp-block-heading has-text-align-center has-large-font-size\">Regeln und Bedingungen f\u00fcr die Teilnahme am Gewinnspiel<\/h2>\n\n\n\n<p><\/p>\n\n\n\n<p><strong>allgemeine Informationen<\/strong><\/p>\n\n\n\n<p>Diese Werbeaktion, im Folgenden als Gewinnspiel bezeichnet, wird von Flat Manager AD, mit der UIC: 207610353, mit Sitz in Sofia, Eurotour Business Center, Mihail-Tenev-Stra\u00dfe 12, 1. Stock, B\u00fcro 2, im Folgenden als Veranstalter bezeichnet, organisiert und durchgef\u00fchrt.&nbsp;<\/p>\n\n\n\n<p>Mit der Teilnahme am Spiel erkl\u00e4ren sich die Teilnehmer mit diesen offiziellen Regeln einverstanden und verpflichten sich, die Teilnahmebedingungen einzuhalten. Die offiziellen Regeln sind w\u00e4hrend der gesamten Spieldauer auf der Website des Veranstalters (www.flatmanager.bg) verf\u00fcgbar. Der Veranstalter beh\u00e4lt sich das Recht vor, die offiziellen Regeln jederzeit zu erg\u00e4nzen oder zu \u00e4ndern. \u00c4nderungen treten erst nach ihrer Ver\u00f6ffentlichung auf der Website www.flatmanager.bg in Kraft. Eine vorzeitige Beendigung des Spiels wird auf demselben Weg bekannt gegeben.<\/p>\n\n\n\n<p><strong>Veranstaltungsort<\/strong><\/p>\n\n\n\n<p>Das Spiel findet auf dem Gebiet der Republik Bulgarien statt und alle Personen \u00fcber 18 Jahre k\u00f6nnen daran teilnehmen.<\/p>\n\n\n\n<p><strong>Dauer<\/strong><\/p>\n\n\n\n<p>Das Spiel beginnt am 30.04.2024 und dauert bis einschlie\u00dflich 12.05.2024.<\/p>\n\n\n\n<p><strong>Beschreibung von <\/strong><strong>Das Spiel<\/strong><\/p>\n\n\n\n<p>Das Spiel findet auf den Instagram-Profilen von Flat Manager und Flatimo statt und bietet den Teilnehmern die M\u00f6glichkeit, 1 Hauptpreis zu gewinnen \u2013 ein Wochenende f\u00fcr zwei Personen in einem Ein-Zimmer-Apartment an der bulgarischen Schwarzmeerk\u00fcste, ausgew\u00e4hlt aus dem Portfolio der von Flat Manager verwalteten Immobilien \u2013 oder 1 von insgesamt 5 kleinen Preisen \u2013 einen Gutschein im Wert von 100 BGN f\u00fcr eine Reservierung in einem von Flat Manager verwalteten Apartment.<\/p>\n\n\n\n<p><strong>F\u00f6rdermechanismus<\/strong><\/p>\n\n\n\n<p>Um an der Verlosung teilzunehmen und einen Hauptpreis sowie f\u00fcnf kleinere Preise zu gewinnen, m\u00fcssen die Teilnehmer folgende Schritte ausf\u00fchren:<\/p>\n\n\n\n<ul class=\"wp-block-list\">\n<li>Gef\u00e4llt mir der Beitrag \u00fcber das Spiel.<\/li>\n\n\n\n<li>Folgt den Instagram-Accounts von Flat Manager und Flatimo.<\/li>\n\n\n\n<li>Markiere einen Freund in einem Kommentar zum Spielbeitrag. Jede Markierung eines Freundes in einem separaten Kommentar z\u00e4hlt als zus\u00e4tzliche Teilnahme, sofern die beiden oben genannten Bedingungen erf\u00fcllt sind.<\/li>\n\n\n\n<li>Bis einschlie\u00dflich 12. Mai 2024 werden unbegrenzt viele Einsendungen von einer Person angenommen.<\/li>\n\n\n\n<li>Die Teilnahme ist nicht an einen Kauf oder eine Registrierung gebunden.<\/li>\n<\/ul>\n\n\n\n<p><strong>Beschreibung der Auszeichnungen:<\/strong><\/p>\n\n\n\n<ul class=\"wp-block-list\">\n<li>1 Hauptpreis: Ein Wochenende f\u00fcr zwei Personen an unserer Schwarzmeerk\u00fcste in einem Ein-Zimmer-Apartment aus dem Portfolio von Flat Manager in Varna, Burgas und den umliegenden Badeorten. Der Preis gilt f\u00fcr eine Buchung von bis zu 3 N\u00e4chten (von Donnerstag bis Sonntag oder von Freitag bis Montag) an einem von Ihnen gew\u00e4hlten Termin im Zeitraum 01.06.2024 \u2013 31.08.2024.\u00a0<\/li>\n\n\n\n<li>5 kleine Preise: Ein Gutschein im Wert von 100 BGN f\u00fcr eine Buchung von mindestens 2 N\u00e4chten in einem Apartment aus dem Portfolio von Flat Manager. Der Gutschein ist g\u00fcltig f\u00fcr Buchungen im Zeitraum vom 01.06.2024 bis zum 31.12.2024.<\/li>\n<\/ul>\n\n\n\n<p><strong>Abschleppen und<\/strong><strong>\u043e<\/strong><strong>Bekanntgabe der Gewinner des Spiels<\/strong><\/p>\n\n\n\n<p>Die Gewinner des Spiels werden am 13.05.2024 per Zufallsprinzip \u00fcber ein digitales Programm ermittelt.<\/p>\n\n\n\n<p>Die Gewinner werden am 13.05.2024 in einer Story und einem Post auf den Instagram-Profilen von Flat Manager und Flatimo sowie auf der Website www.flatmanager.bg bekanntgegeben.<\/p>\n\n\n\n<p>Die Gewinner m\u00fcssen sich bis zum 31.05.2024 per privater Nachricht \u00fcber die Instagram-Profile von Flat Manager oder Flatimo mit dem Veranstalter des Spiels in Verbindung setzen, um den Erhalt des Preises zu kl\u00e4ren.<\/p>\n\n\n\n<p><strong>Die Bef\u00f6rderung wird beendet<\/strong><\/p>\n\n\n\n<p>Der Veranstalter hat das unwiderrufliche Recht, das Spiel jederzeit zu beenden, wenn er einen Missbrauch oder einen Versto\u00df gegen die Regeln feststellt, im Falle h\u00f6herer Gewalt oder aus anderen objektiven Gr\u00fcnden.<\/p>\n\n\n\n<p><strong>Verarbeitung personenbezogener Daten<\/strong><\/p>\n\n\n\n<p>Mit diesen Regeln informiert der Veranstalter die Teilnehmer \u00fcber die Notwendigkeit der Verarbeitung ihrer personenbezogenen Daten. Durch die Teilnahme am Spiel erkl\u00e4ren sich die Teilnehmer damit einverstanden und stellen ihre personenbezogenen Daten (Name, Telefonnummer, E-Mail-Adresse usw.) freiwillig f\u00fcr Zwecke im Zusammenhang mit dem Spiel zur Verf\u00fcgung.<\/p>\n\n\n\n<p><strong>Streitigkeiten und Haftung<\/strong><\/p>\n\n\n\n<p>Streitigkeiten zwischen dem Veranstalter des Spiels und den Teilnehmern werden im gegenseitigen Einvernehmen beigelegt. Kann keine Einigung erzielt werden, ist das zust\u00e4ndige Gericht in der Republik Bulgarien f\u00fcr die Entscheidung zust\u00e4ndig.<\/p>\n\n\n\n<p><\/p>","protected":false},"excerpt":{"rendered":"<p>\u041f\u0440\u0430\u0432\u0438\u043b\u0430 \u0438 \u0443\u0441\u043b\u043e\u0432\u0438\u044f \u0437\u0430 \u0443\u0447\u0430\u0441\u0442\u0438\u0435 \u0432 \u0418\u0433\u0440\u0430 \u0441 \u043d\u0430\u0433\u0440\u0430\u0434\u0438 \u041e\u0431\u0449\u0430 \u0438\u043d\u0444\u043e\u0440\u043c\u0430\u0446\u0438\u044f \u041d\u0430\u0441\u0442\u043e\u044f\u0449\u0430\u0442\u0430 \u043f\u0440\u043e\u043c\u043e\u0446\u0438\u044f, \u043d\u0430\u0440\u0438\u0447\u0430\u043d\u0430 \u043f\u043e-\u043d\u0430\u0442\u0430\u0442\u044a\u043a \u0418\u0433\u0440\u0430 \u0441 \u043d\u0430\u0433\u0440\u0430\u0434\u0438 (Giveaway), \u0441\u0435 \u043e\u0440\u0433\u0430\u043d\u0438\u0437\u0438\u0440\u0430 \u0438 \u043f\u0440\u043e\u0432\u0435\u0436\u0434\u0430 \u043e\u0442 \u201e\u0424\u043b\u0430\u0442 \u041c\u0435\u043d\u0438\u0434\u0436\u044a\u0440\u201c \u0410\u0414, \u0441 \u0415\u0418\u041a: 207610353, \u0441 \u0430\u0434\u0440\u0435\u0441: \u0433\u0440. \u0421\u043e\u0444\u0438\u044f, \u0411\u0438\u0437\u043d\u0435\u0441 \u0446\u0435\u043d\u0442\u044a\u0440 \u201e\u0415\u0432\u0440\u043e\u0442\u0443\u0440\u201d, \u0443\u043b. \u201e\u041c\u0438\u0445\u0430\u0438\u043b \u0422\u0435\u043d\u0435\u0432\u201d 12, \u0435\u0442. 1, \u043e\u0444\u0438\u0441 2, \u043d\u0430\u0440\u0438\u0447\u0430\u043d\u043e \u043f\u043e-\u043d\u0430\u0442\u0430\u0442\u044a\u043a \u041e\u0440\u0433\u0430\u043d\u0438\u0437\u0430\u0442\u043e\u0440.&nbsp; \u0421 \u0443\u0447\u0430\u0441\u0442\u0438\u0435\u0442\u043e \u0441\u0438 \u0432 \u0418\u0433\u0440\u0430\u0442\u0430 \u0443\u0447\u0430\u0441\u0442\u043d\u0438\u0446\u0438\u0442\u0435 \u0441\u0435 [&hellip;]<\/p>\n","protected":false},"author":7,"featured_media":0,"parent":0,"menu_order":0,"comment_status":"closed","ping_status":"closed","template":"","meta":{"_acf_changed":false,"content-type":"","footnotes":""},"class_list":["post-1618","page","type-page","status-publish","hentry"],"acf":[],"_links":{"self":[{"href":"https:\/\/flatmanager.bg\/de\/wp-json\/wp\/v2\/pages\/1618","targetHints":{"allow":["GET"]}}],"collection":[{"href":"https:\/\/flatmanager.bg\/de\/wp-json\/wp\/v2\/pages"}],"about":[{"href":"https:\/\/flatmanager.bg\/de\/wp-json\/wp\/v2\/types\/page"}],"author":[{"embeddable":true,"href":"https:\/\/flatmanager.bg\/de\/wp-json\/wp\/v2\/users\/7"}],"replies":[{"embeddable":true,"href":"https:\/\/flatmanager.bg\/de\/wp-json\/wp\/v2\/comments?post=1618"}],"version-history":[{"count":1,"href":"https:\/\/flatmanager.bg\/de\/wp-json\/wp\/v2\/pages\/1618\/revisions"}],"predecessor-version":[{"id":4524,"href":"https:\/\/flatmanager.bg\/de\/wp-json\/wp\/v2\/pages\/1618\/revisions\/4524"}],"wp:attachment":[{"href":"https:\/\/flatmanager.bg\/de\/wp-json\/wp\/v2\/media?parent=1618"}],"curies":[{"name":"wp","href":"https:\/\/api.w.org\/{rel}","templated":true}]}}